{"id":2120,"date":"2019-12-16T03:08:59","date_gmt":"2019-12-16T03:08:59","guid":{"rendered":"http:\/\/source.wpopal.com\/taysta\/?page_id=2120"},"modified":"2022-09-20T18:45:39","modified_gmt":"2022-09-20T16:45:39","slug":"a-propos","status":"publish","type":"page","link":"https:\/\/melisme.be\/index.php\/a-propos\/","title":{"rendered":"\u00c0 propos"},"content":{"rendered":"\t\t<div data-elementor-type=\"wp-page\" data-elementor-id=\"2120\" class=\"elementor elementor-2120\">\n\t\t\t\t\t\t\t\t\t<section class=\"elementor-section elementor-top-section elementor-element elementor-element-a77ed80 elementor-section-stretched elementor-section-full_width elementor-section-height-default elementor-section-height-default\" data-id=\"a77ed80\" data-element_type=\"section\" data-settings=\"{&quot;stretch_section&quot;:&quot;section-stretched&quot;}\">\n\t\t\t\t\t\t<div class=\"elementor-container elementor-column-gap-no\">\n\t\t\t\t\t<div class=\"elementor-column elementor-col-50 elementor-top-column elementor-element elementor-element-6431ebe\" data-id=\"6431ebe\" data-element_type=\"column\">\n\t\t\t<div class=\"elementor-widget-wrap elementor-element-populated\">\n\t\t\t\t\t\t\t\t<div class=\"elementor-element elementor-element-66a3c14 animated-fast elementor-invisible elementor-widget elementor-widget-image\" data-id=\"66a3c14\" data-element_type=\"widget\" data-settings=\"{&quot;_animation&quot;:&quot;opal-scale-up&quot;}\" data-widget_type=\"image.default\">\n\t\t\t\t<div class=\"elementor-widget-container\">\n\t\t\t\t\t\t\t\t\t\t\t\t\t\t\t<img loading=\"lazy\" decoding=\"async\" width=\"1707\" height=\"2560\" src=\"https:\/\/melisme.be\/wp-content\/uploads\/2022\/08\/IMG_1504-scaled.jpg\" class=\"attachment-full size-full wp-image-3295\" alt=\"\" srcset=\"https:\/\/melisme.be\/wp-content\/uploads\/2022\/08\/IMG_1504-scaled.jpg 1707w, https:\/\/melisme.be\/wp-content\/uploads\/2022\/08\/IMG_1504-200x300.jpg 200w, https:\/\/melisme.be\/wp-content\/uploads\/2022\/08\/IMG_1504-683x1024.jpg 683w, https:\/\/melisme.be\/wp-content\/uploads\/2022\/08\/IMG_1504-768x1152.jpg 768w, https:\/\/melisme.be\/wp-content\/uploads\/2022\/08\/IMG_1504-1024x1536.jpg 1024w, https:\/\/melisme.be\/wp-content\/uploads\/2022\/08\/IMG_1504-1365x2048.jpg 1365w, https:\/\/melisme.be\/wp-content\/uploads\/2022\/08\/IMG_1504-700x1050.jpg 700w\" sizes=\"auto, (max-width: 1707px) 100vw, 1707px\" \/>\t\t\t\t\t\t\t\t\t\t\t\t\t\t\t<\/div>\n\t\t\t\t<\/div>\n\t\t\t\t\t<\/div>\n\t\t<\/div>\n\t\t\t\t<div class=\"elementor-column elementor-col-50 elementor-top-column elementor-element elementor-element-6d1d9ed\" data-id=\"6d1d9ed\" data-element_type=\"column\">\n\t\t\t<div class=\"elementor-widget-wrap elementor-element-populated\">\n\t\t\t\t\t\t\t\t<section class=\"elementor-section elementor-inner-section elementor-element elementor-element-c1c31b9 elementor-section-boxed elementor-section-height-default elementor-section-height-default\" data-id=\"c1c31b9\" data-element_type=\"section\" data-settings=\"{&quot;background_background&quot;:&quot;classic&quot;}\">\n\t\t\t\t\t\t<div class=\"elementor-container elementor-column-gap-no\">\n\t\t\t\t\t<div class=\"elementor-column elementor-col-100 elementor-inner-column elementor-element elementor-element-751941b\" data-id=\"751941b\" data-element_type=\"column\">\n\t\t\t<div class=\"elementor-widget-wrap elementor-element-populated\">\n\t\t\t\t\t\t\t\t<div class=\"elementor-element elementor-element-df8646f animated-fast elementor-invisible elementor-widget elementor-widget-text-editor\" data-id=\"df8646f\" data-element_type=\"widget\" data-settings=\"{&quot;_animation&quot;:&quot;opal-move-up&quot;}\" data-widget_type=\"text-editor.default\">\n\t\t\t\t<div class=\"elementor-widget-container\">\n\t\t\t        <div class=\"elementor-text-editor elementor-clearfix\"><p>Douce, p\u00e9tillante et passionn\u00e9e mais aussi organis\u00e9e et tr\u00e8s consciencieuse\u2026 tels pourraient \u00eatre les termes employ\u00e9s pour me d\u00e9crire. Avec un profil de touche-\u00e0-tout, j\u2019ai, depuis l\u2019enfance, emprunt\u00e9 de nombreuses voies aussi vari\u00e9es que fascinantes. Musique, sports de toute sorte, photographie, bien-\u00eatre, \u00e9cologie\u2026 ma soif d\u2019apprendre et de d\u00e9couvrir m\u2019a men\u00e9e sur des chemins divers. Dipl\u00f4m\u00e9e en langues et litt\u00e9ratures fran\u00e7aises et anglaises avec un cursus en musicologie et une sp\u00e9cialisation en \u00e9dition\u2026 mes \u00e9tudes m\u2019ont finalement dirig\u00e9e vers l\u2019enseignement depuis pr\u00e8s de 10 ans.<\/p><p>Pourtant, petit \u00e0 petit, grandissait au fond de mon c\u0153ur l\u2019envie de combiner toutes ces passions en un projet porteur de sens et plus align\u00e9 avec mes valeurs profondes. J\u2019aime tant les moments heureux et ceux qui sont \u00e0 partager, j\u2019aime \u00eatre entour\u00e9e et entourer. Le projet M\u00e9lisme a germ\u00e9 et aujourd\u2019hui, je suis lanc\u00e9e dans cette nouvelle aventure qui me fait tant vibrer.<\/p><\/div>\n        \t\t<\/div>\n\t\t\t\t<\/div>\n\t\t\t\t\t<\/div>\n\t\t<\/div>\n\t\t\t\t\t\t\t<\/div>\n\t\t<\/section>\n\t\t\t\t<section class=\"elementor-section elementor-inner-section elementor-element elementor-element-b15cd82 elementor-section-boxed elementor-section-height-default elementor-section-height-default\" data-id=\"b15cd82\" data-element_type=\"section\">\n\t\t\t\t\t\t<div class=\"elementor-container elementor-column-gap-no\">\n\t\t\t\t\t<div class=\"elementor-column elementor-col-50 elementor-inner-column elementor-element elementor-element-300499f\" data-id=\"300499f\" data-element_type=\"column\">\n\t\t\t<div class=\"elementor-widget-wrap elementor-element-populated\">\n\t\t\t\t\t\t\t\t<div class=\"elementor-element elementor-element-6d5e25d animated-fast elementor-invisible elementor-widget elementor-widget-image\" data-id=\"6d5e25d\" data-element_type=\"widget\" data-settings=\"{&quot;_animation&quot;:&quot;opal-scale-up&quot;}\" data-widget_type=\"image.default\">\n\t\t\t\t<div class=\"elementor-widget-container\">\n\t\t\t\t\t\t\t\t\t\t\t\t\t\t\t<img loading=\"lazy\" decoding=\"async\" width=\"1707\" height=\"2560\" src=\"https:\/\/melisme.be\/wp-content\/uploads\/2022\/09\/6N3A9595-scaled.jpg\" class=\"elementor-animation-bob attachment-full size-full wp-image-3757\" alt=\"\" srcset=\"https:\/\/melisme.be\/wp-content\/uploads\/2022\/09\/6N3A9595-scaled.jpg 1707w, https:\/\/melisme.be\/wp-content\/uploads\/2022\/09\/6N3A9595-200x300.jpg 200w, https:\/\/melisme.be\/wp-content\/uploads\/2022\/09\/6N3A9595-683x1024.jpg 683w, https:\/\/melisme.be\/wp-content\/uploads\/2022\/09\/6N3A9595-768x1152.jpg 768w, https:\/\/melisme.be\/wp-content\/uploads\/2022\/09\/6N3A9595-1024x1536.jpg 1024w\" sizes=\"auto, (max-width: 1707px) 100vw, 1707px\" \/>\t\t\t\t\t\t\t\t\t\t\t\t\t\t\t<\/div>\n\t\t\t\t<\/div>\n\t\t\t\t\t<\/div>\n\t\t<\/div>\n\t\t\t\t<div class=\"elementor-column elementor-col-50 elementor-inner-column elementor-element elementor-element-53c5c21\" data-id=\"53c5c21\" data-element_type=\"column\">\n\t\t\t<div class=\"elementor-widget-wrap elementor-element-populated\">\n\t\t\t\t\t\t\t\t<div class=\"elementor-element elementor-element-c61593f animated-fast elementor-invisible elementor-widget elementor-widget-image\" data-id=\"c61593f\" data-element_type=\"widget\" data-settings=\"{&quot;_animation&quot;:&quot;opal-scale-up&quot;,&quot;_animation_delay&quot;:150}\" data-widget_type=\"image.default\">\n\t\t\t\t<div class=\"elementor-widget-container\">\n\t\t\t\t\t\t\t\t\t\t\t\t\t\t\t<img loading=\"lazy\" decoding=\"async\" width=\"1707\" height=\"2560\" src=\"https:\/\/melisme.be\/wp-content\/uploads\/2022\/09\/6N3A9593-scaled.jpg\" class=\"elementor-animation-bob attachment-full size-full wp-image-3758\" alt=\"\" srcset=\"https:\/\/melisme.be\/wp-content\/uploads\/2022\/09\/6N3A9593-scaled.jpg 1707w, https:\/\/melisme.be\/wp-content\/uploads\/2022\/09\/6N3A9593-200x300.jpg 200w, https:\/\/melisme.be\/wp-content\/uploads\/2022\/09\/6N3A9593-683x1024.jpg 683w, https:\/\/melisme.be\/wp-content\/uploads\/2022\/09\/6N3A9593-768x1152.jpg 768w, https:\/\/melisme.be\/wp-content\/uploads\/2022\/09\/6N3A9593-1024x1536.jpg 1024w, https:\/\/melisme.be\/wp-content\/uploads\/2022\/09\/6N3A9593-1365x2048.jpg 1365w, https:\/\/melisme.be\/wp-content\/uploads\/2022\/09\/6N3A9593-700x1050.jpg 700w\" sizes=\"auto, (max-width: 1707px) 100vw, 1707px\" \/>\t\t\t\t\t\t\t\t\t\t\t\t\t\t\t<\/div>\n\t\t\t\t<\/div>\n\t\t\t\t\t<\/div>\n\t\t<\/div>\n\t\t\t\t\t\t\t<\/div>\n\t\t<\/section>\n\t\t\t\t\t<\/div>\n\t\t<\/div>\n\t\t\t\t\t\t\t<\/div>\n\t\t<\/section>\n\t\t\t\t<section class=\"elementor-section elementor-top-section elementor-element elementor-element-7f4470f elementor-section-stretched elementor-section-boxed elementor-section-height-default elementor-section-height-default\" data-id=\"7f4470f\" data-element_type=\"section\" data-settings=\"{&quot;stretch_section&quot;:&quot;section-stretched&quot;,&quot;background_background&quot;:&quot;classic&quot;}\">\n\t\t\t\t\t\t<div class=\"elementor-container elementor-column-gap-no\">\n\t\t\t\t\t<div class=\"elementor-column elementor-col-50 elementor-top-column elementor-element elementor-element-af05c0a\" data-id=\"af05c0a\" data-element_type=\"column\">\n\t\t\t<div class=\"elementor-widget-wrap elementor-element-populated\">\n\t\t\t\t\t\t\t\t<div class=\"elementor-element elementor-element-d8d1c87 animated-fast elementor-invisible elementor-widget elementor-widget-heading\" data-id=\"d8d1c87\" data-element_type=\"widget\" data-settings=\"{&quot;_animation&quot;:&quot;opal-move-up&quot;}\" data-widget_type=\"heading.default\">\n\t\t\t\t<div class=\"elementor-widget-container\">\n\t\t\t<div class=\"elementor-heading-wrapper elementor-heading-line\" ><h2 class=\"elementor-heading-title elementor-size-default\">Ce que je propose<\/h2><div class=\"elementor-subtitle-wrapper\"><span class=\"sub-title_line\"><\/span><\/div><\/div>\t\t<\/div>\n\t\t\t\t<\/div>\n\t\t\t\t<div class=\"elementor-element elementor-element-793ff11 animated-fast elementor-invisible elementor-widget elementor-widget-text-editor\" data-id=\"793ff11\" data-element_type=\"widget\" data-settings=\"{&quot;_animation&quot;:&quot;opal-move-up&quot;}\" data-widget_type=\"text-editor.default\">\n\t\t\t\t<div class=\"elementor-widget-container\">\n\t\t\t        <div class=\"elementor-text-editor elementor-clearfix\"><p>Le d\u00e9nominateur commun de mes services est la c\u00e9r\u00e9monie. Ceci dit, ce que je propose n\u2019a rien de fig\u00e9 et m\u00eame le mot <em>c\u00e9r\u00e9monie<\/em> peut \u00eatre mis de c\u00f4t\u00e9. Je vous accompagne pour que n\u2019importe quel moment pr\u00e9cieux de votre vie soit honor\u00e9 et mis en lumi\u00e8re, ancr\u00e9 dans votre histoire sous la forme qui vous plaira et aura du sens \u00e0 vos yeux. Nul besoin de rassembler des dizaines de personnes si ce n\u2019est pas votre truc\u00a0: le moment peut \u00eatre intimiste ou sans fioriture. Au contraire, si vous aimez rassembler, f\u00eater et voulez un moment entour\u00e9\u00b7es de tous vos proches, c\u2019est possible aussi\u00a0! C&rsquo;est vous qui donnez le ton et ensemble nous cr\u00e9ons un moment qui vous ressemblera et sera exactement en accord avec ce que vous voulez vivre et partager.<\/p><\/div>\n        \t\t<\/div>\n\t\t\t\t<\/div>\n\t\t\t\t\t<\/div>\n\t\t<\/div>\n\t\t\t\t<div class=\"elementor-column elementor-col-50 elementor-top-column elementor-element elementor-element-e101f32\" data-id=\"e101f32\" data-element_type=\"column\">\n\t\t\t<div class=\"elementor-widget-wrap elementor-element-populated\">\n\t\t\t\t\t\t\t\t<div class=\"elementor-element elementor-element-2bd1e88 animated-fast overflow-hidden elementor-invisible elementor-widget elementor-widget-image\" data-id=\"2bd1e88\" data-element_type=\"widget\" data-settings=\"{&quot;_animation&quot;:&quot;opal-move-up&quot;}\" data-widget_type=\"image.default\">\n\t\t\t\t<div class=\"elementor-widget-container\">\n\t\t\t\t\t\t\t\t\t\t\t\t\t\t\t<img loading=\"lazy\" decoding=\"async\" width=\"2560\" height=\"1707\" src=\"https:\/\/melisme.be\/wp-content\/uploads\/2022\/08\/LA-293-scaled.jpg\" class=\"elementor-animation-grow attachment-full size-full wp-image-3296\" alt=\"\" srcset=\"https:\/\/melisme.be\/wp-content\/uploads\/2022\/08\/LA-293-scaled.jpg 2560w, https:\/\/melisme.be\/wp-content\/uploads\/2022\/08\/LA-293-300x200.jpg 300w, https:\/\/melisme.be\/wp-content\/uploads\/2022\/08\/LA-293-1024x683.jpg 1024w, https:\/\/melisme.be\/wp-content\/uploads\/2022\/08\/LA-293-768x512.jpg 768w, https:\/\/melisme.be\/wp-content\/uploads\/2022\/08\/LA-293-1536x1024.jpg 1536w, https:\/\/melisme.be\/wp-content\/uploads\/2022\/08\/LA-293-2048x1365.jpg 2048w, https:\/\/melisme.be\/wp-content\/uploads\/2022\/08\/LA-293-700x467.jpg 700w\" sizes=\"auto, (max-width: 2560px) 100vw, 2560px\" \/>\t\t\t\t\t\t\t\t\t\t\t\t\t\t\t<\/div>\n\t\t\t\t<\/div>\n\t\t\t\t\t<\/div>\n\t\t<\/div>\n\t\t\t\t\t\t\t<\/div>\n\t\t<\/section>\n\t\t\t\t<section class=\"elementor-section elementor-top-section elementor-element elementor-element-9b95624 elementor-section-boxed elementor-section-height-default elementor-section-height-default\" data-id=\"9b95624\" data-element_type=\"section\">\n\t\t\t\t\t\t<div class=\"elementor-container elementor-column-gap-default\">\n\t\t\t\t\t<div class=\"elementor-column elementor-col-50 elementor-top-column elementor-element elementor-element-632d9da\" data-id=\"632d9da\" data-element_type=\"column\">\n\t\t\t<div class=\"elementor-widget-wrap elementor-element-populated\">\n\t\t\t\t\t\t\t\t<div class=\"elementor-element elementor-element-35b299b elementor-widget elementor-widget-heading\" data-id=\"35b299b\" data-element_type=\"widget\" data-widget_type=\"heading.default\">\n\t\t\t\t<div class=\"elementor-widget-container\">\n\t\t\t<div class=\"elementor-heading-wrapper elementor-heading-line\" ><h2 class=\"elementor-heading-title elementor-size-default\">Formations<br> \n& Outils<\/h2><div class=\"elementor-subtitle-wrapper\"><span class=\"sub-title_line\"><\/span><\/div><\/div>\t\t<\/div>\n\t\t\t\t<\/div>\n\t\t\t\t\t<\/div>\n\t\t<\/div>\n\t\t\t\t<div class=\"elementor-column elementor-col-50 elementor-top-column elementor-element elementor-element-3c31210\" data-id=\"3c31210\" data-element_type=\"column\">\n\t\t\t<div class=\"elementor-widget-wrap elementor-element-populated\">\n\t\t\t\t\t\t\t\t<div class=\"elementor-element elementor-element-ce98978 elementor-widget elementor-widget-text-editor\" data-id=\"ce98978\" data-element_type=\"widget\" data-widget_type=\"text-editor.default\">\n\t\t\t\t<div class=\"elementor-widget-container\">\n\t\t\t        <div class=\"elementor-text-editor elementor-clearfix\"><p class=\"p1\"><strong>Parcours acad\u00e9mique &#8211; UCL<\/strong><span style=\"font-weight: bold;\"><br \/><\/span>Master en langues et litt\u00e9ratures modernes (fran\u00e7ais-anglais)<br \/>Agr\u00e9gation de l&rsquo;enseignement secondaire sup\u00e9rieur<br \/>Sp\u00e9cialisation en m\u00e9tiers du livre et \u00e9dition<br \/>Mineure en musicologie<b><br \/><\/b><\/p><p><strong>Cycle de R\u00e9duction du Stress par la <span class=\"s1\">Pleine Conscience<\/span> (MBSR)<\/strong> <br \/><span class=\"s2\">UCL, Facult\u00e9 de psychologie<\/span><\/p><p class=\"p1\"><strong>Formation en <span class=\"s1\">sonoth\u00e9rapie<\/span> et yoga du son (en cours)<\/strong><br \/><span class=\"s2\">\u00ab L\u2019Art du Son\u00bb, Du Green &amp; du Love<\/span><\/p><p class=\"p1\"><strong>Formation en<span class=\"s1\"> lithoth\u00e9rapie<\/span><\/strong><b><span class=\"Apple-converted-space\">\u00a0 <\/span><\/b><br \/><span class=\"s2\">Sathya en Soi <\/span><\/p><p class=\"p1\"><strong>Initiation aux <span class=\"s1\">soins \u00e9nerg\u00e9tiques<\/span>, canalisation et radiesth\u00e9sie<\/strong><br \/><span class=\"s2\">Stage \u00ab Ressentir son ressenti \u00bb, Sathya en Soi<\/span><\/p><p class=\"p1\"><strong>Atelier \u00ab Animer une <span class=\"s1\">Moon Lodge<\/span> et une Loge de Sagesse \u00bb<\/strong> <br \/><span class=\"s2\">Claire Jozan-Meisel &amp; Lunaissance<\/span><\/p><p class=\"p3\"><strong><span class=\"s3\">D\u00e9couverte de l\u2019<\/span><span class=\"s1\">Alimentation vivante et durable<\/span><\/strong><span class=\"s3\"><b> <br \/><\/b><\/span>Initation th\u00e9orique et pratique, EAVD<\/p><p class=\"p1\"><strong>Ateliers d\u2019initiation divers de <span class=\"s1\">reconnexion \u00e0 soi<\/span> et au <span class=\"s1\">sacr\u00e9<\/span>:<\/strong><b><br \/><\/b>symptothermie, cycles f\u00e9minins &amp; f\u00e9minin sacr\u00e9, astrologie, connexion \u00e0 l\u2019intuition<b><\/b><\/p><\/div>\n        \t\t<\/div>\n\t\t\t\t<\/div>\n\t\t\t\t\t<\/div>\n\t\t<\/div>\n\t\t\t\t\t\t\t<\/div>\n\t\t<\/section>\n\t\t\t\t\t\t\t<\/div>\n\t\t","protected":false},"excerpt":{"rendered":"<p>Douce, p\u00e9tillante et passionn\u00e9e mais aussi organis\u00e9e et tr\u00e8s consciencieuse\u2026 tels pourraient \u00eatre les termes employ\u00e9s pour me d\u00e9crire. Avec un profil de touche-\u00e0-tout, j\u2019ai, depuis l\u2019enfance, emprunt\u00e9 de nombreuses voies aussi vari\u00e9es que fascinantes. Musique, sports de toute sorte, photographie, bien-\u00eatre, \u00e9cologie\u2026 ma soif d\u2019apprendre et de d\u00e9couvrir m\u2019a men\u00e9e sur des chemins divers. &hellip; <\/p>\n<p class=\"link-more\"><a href=\"https:\/\/melisme.be\/index.php\/a-propos\/\" class=\"more-link\">Read More <span class=\"screen-reader-text\"> \u00ab\u00a0\u00c0 propos\u00a0\u00bb<\/span><\/a><\/p>\n","protected":false},"author":1,"featured_media":0,"parent":0,"menu_order":0,"comment_status":"closed","ping_status":"closed","template":"","meta":{"inline_featured_image":false,"_monsterinsights_skip_tracking":false,"_monsterinsights_sitenote_active":false,"_monsterinsights_sitenote_note":"","_monsterinsights_sitenote_category":0,"footnotes":""},"class_list":["post-2120","page","type-page","status-publish","hentry"],"aioseo_notices":[],"_links":{"self":[{"href":"https:\/\/melisme.be\/index.php\/wp-json\/wp\/v2\/pages\/2120","targetHints":{"allow":["GET"]}}],"collection":[{"href":"https:\/\/melisme.be\/index.php\/wp-json\/wp\/v2\/pages"}],"about":[{"href":"https:\/\/melisme.be\/index.php\/wp-json\/wp\/v2\/types\/page"}],"author":[{"embeddable":true,"href":"https:\/\/melisme.be\/index.php\/wp-json\/wp\/v2\/users\/1"}],"replies":[{"embeddable":true,"href":"https:\/\/melisme.be\/index.php\/wp-json\/wp\/v2\/comments?post=2120"}],"version-history":[{"count":35,"href":"https:\/\/melisme.be\/index.php\/wp-json\/wp\/v2\/pages\/2120\/revisions"}],"predecessor-version":[{"id":3779,"href":"https:\/\/melisme.be\/index.php\/wp-json\/wp\/v2\/pages\/2120\/revisions\/3779"}],"wp:attachment":[{"href":"https:\/\/melisme.be\/index.php\/wp-json\/wp\/v2\/media?parent=2120"}],"curies":[{"name":"wp","href":"https:\/\/api.w.org\/{rel}","templated":true}]}}