{"id":3001,"date":"2019-12-20T02:10:32","date_gmt":"2019-12-20T02:10:32","guid":{"rendered":"http:\/\/source.wpopal.com\/taysta\/?page_id=3001"},"modified":"2022-11-20T15:20:46","modified_gmt":"2022-11-20T14:20:46","slug":"bienvenue","status":"publish","type":"page","link":"https:\/\/melisme.be\/index.php\/services\/bienvenue\/","title":{"rendered":"C\u00e9r\u00e9monies de bienvenue"},"content":{"rendered":"\t\t<div data-elementor-type=\"wp-page\" data-elementor-id=\"3001\" class=\"elementor elementor-3001\">\n\t\t\t\t\t\t\t\t\t<section class=\"elementor-section elementor-top-section elementor-element elementor-element-5eb1ee6e elementor-section-stretched elementor-section-boxed elementor-section-height-default elementor-section-height-default\" data-id=\"5eb1ee6e\" data-element_type=\"section\" data-settings=\"{&quot;stretch_section&quot;:&quot;section-stretched&quot;}\">\n\t\t\t\t\t\t<div class=\"elementor-container elementor-column-gap-default\">\n\t\t\t\t\t<div class=\"elementor-column elementor-col-50 elementor-top-column elementor-element elementor-element-704ec67c\" data-id=\"704ec67c\" data-element_type=\"column\">\n\t\t\t<div class=\"elementor-widget-wrap elementor-element-populated\">\n\t\t\t\t\t\t\t\t<div class=\"elementor-element elementor-element-cda4a76 elementor-widget elementor-widget-heading\" data-id=\"cda4a76\" data-element_type=\"widget\" data-widget_type=\"heading.default\">\n\t\t\t\t<div class=\"elementor-widget-container\">\n\t\t\t<div class=\"elementor-heading-wrapper\" ><h2 class=\"elementor-heading-title elementor-size-default\">C\u00e9r\u00e9monie de bienvenue<\/h2><div class=\"elementor-subtitle-wrapper\"><\/div><\/div>\t\t<\/div>\n\t\t\t\t<\/div>\n\t\t\t\t<div class=\"elementor-element elementor-element-466a1ed3 elementor-widget elementor-widget-text-editor\" data-id=\"466a1ed3\" data-element_type=\"widget\" data-widget_type=\"text-editor.default\">\n\t\t\t\t<div class=\"elementor-widget-container\">\n\t\t\t        <div class=\"elementor-text-editor elementor-clearfix\"><p>La c\u00e9r\u00e9monie de bienvenue vous offrira l\u2019occasion de rassembler les personnes importantes pour votre enfant et de symboliser l\u2019arriv\u00e9e de ce petit bonheur dans votre vie. Cette f\u00eate de naissance peut \u00eatre une alternative aux bapt\u00eames mais elle peut aussi \u00eatre c\u00e9l\u00e9br\u00e9e pour un enfant de tout \u00e2ge ou pour tout nouveau membre accueilli dans votre famille.<\/p><\/div>\n        \t\t<\/div>\n\t\t\t\t<\/div>\n\t\t\t\t<div class=\"elementor-element elementor-element-70b3bc85 elementor-widget-divider--view-line elementor-widget elementor-widget-divider\" data-id=\"70b3bc85\" data-element_type=\"widget\" data-widget_type=\"divider.default\">\n\t\t\t\t<div class=\"elementor-widget-container\">\n\t\t\t\t\t<div class=\"elementor-divider\">\n\t\t\t<span class=\"elementor-divider-separator\">\n\t\t\t\t\t\t<\/span>\n\t\t<\/div>\n\t\t\t\t<\/div>\n\t\t\t\t<\/div>\n\t\t\t\t<div class=\"elementor-element elementor-element-1ea301d3 elementor-widget elementor-widget-opal-price-list\" data-id=\"1ea301d3\" data-element_type=\"widget\" data-widget_type=\"opal-price-list.default\">\n\t\t\t\t<div class=\"elementor-widget-container\">\n\t\t\t        <div class=\"elementor-price-list-wrapper\">\n                                    <div class=\"elementor-price-list-item\">\n                <div class=\"elementor-price-list-content\">\n                    <div class=\"elementor-price-list-header\">\n                        <h4 class=\"elementor-price-list-heading\">Sur devis \u00e0 partir de <\/h4>\n                        <span class=\"price-list-dot\"><\/span>\n                                                <div class=\"elementor-price-list__price\">\n                            <span class=\"elementor-price-list__symbol\">&#128;<\/span>\n                                                        <span class=\"elementor-price-list__integer-part\">400<\/span>\n                        <\/div>\n                                            <\/div>\n                    <p class=\"elementor-price-list__description\">\n                        -\t1 \u00e0 2 rencontres pr\u00e9paratoires<br>\n-\tFeedback et diff\u00e9rents contacts par mail<br>\n-\tContact avec vos proches pour cadrer leurs interventions (si n\u00e9cessaire)<br>\n-\tCr\u00e9ation et \u00e9criture de la c\u00e9r\u00e9monie<br>\n-\tPr\u00e9sence le jour J pour c\u00e9l\u00e9brer votre moment pr\u00e9cieux<br>                    <\/p>\n                <\/div>\n            <\/div>\n                    <\/div>\n        \t\t<\/div>\n\t\t\t\t<\/div>\n\t\t\t\t\t<\/div>\n\t\t<\/div>\n\t\t\t\t<div class=\"elementor-column elementor-col-50 elementor-top-column elementor-element elementor-element-69ebfbc9\" data-id=\"69ebfbc9\" data-element_type=\"column\">\n\t\t\t<div class=\"elementor-widget-wrap elementor-element-populated\">\n\t\t\t\t\t\t\t\t<div class=\"elementor-element elementor-element-67d548e8 elementor-widget elementor-widget-opal-images-layers\" data-id=\"67d548e8\" data-element_type=\"widget\" data-widget_type=\"opal-images-layers.default\">\n\t\t\t\t<div class=\"elementor-widget-container\">\n\t\t\t\n        <div id=\"opal-img-layers-wrapper\" class=\"opal-img-layers-wrapper\">\n            <ul class=\"opal-img-layers-list-wrapper list-unstyled\">\n                \n                    <li class=\"opal-img-layers-list-item position-relative  elementor-repeater-item-090087c\" data-layer-animation-delay=\"0.8\" data-layer-animation=\"opal-move-down animated-fast\" >\n                                                    <img decoding=\"async\" src=\"https:\/\/melisme.be\/wp-content\/uploads\/2022\/09\/Bienvenue_01.jpg\" class=\"opal-img-layers-image\"\n                                 alt=\"\">\n\n                            \n                    <\/li>\n                \n                    <li class=\"opal-img-layers-list-item position-absolute  elementor-repeater-item-4bf4c3e\" data-layer-animation-delay=\"0.8\" data-layer-animation=\"opal-move-up animated-fast\" data-parallax=\"true\" data-rate=\"-10\">\n                                                    <img decoding=\"async\" src=\"\" class=\"opal-img-layers-image\"\n                                 alt=\"\">\n\n                            \n                    <\/li>\n                            <\/ul>\n        <\/div>\n\n    \t\t<\/div>\n\t\t\t\t<\/div>\n\t\t\t\t\t<\/div>\n\t\t<\/div>\n\t\t\t\t\t\t\t<\/div>\n\t\t<\/section>\n\t\t\t\t<section class=\"elementor-section elementor-top-section elementor-element elementor-element-5ffb48e5 elementor-section-stretched elementor-section-boxed elementor-section-height-default elementor-section-height-default\" data-id=\"5ffb48e5\" data-element_type=\"section\" data-settings=\"{&quot;stretch_section&quot;:&quot;section-stretched&quot;}\">\n\t\t\t\t\t\t<div class=\"elementor-container elementor-column-gap-no\">\n\t\t\t\t\t<div class=\"elementor-column elementor-col-100 elementor-top-column elementor-element elementor-element-499c33b2\" data-id=\"499c33b2\" data-element_type=\"column\" data-settings=\"{&quot;background_background&quot;:&quot;classic&quot;}\">\n\t\t\t<div class=\"elementor-widget-wrap elementor-element-populated\">\n\t\t\t\t\t<div class=\"elementor-background-overlay\"><\/div>\n\t\t\t\t\t\t\t\t<section class=\"elementor-section elementor-inner-section elementor-element elementor-element-2199f537 elementor-section-boxed elementor-section-height-default elementor-section-height-default\" data-id=\"2199f537\" data-element_type=\"section\">\n\t\t\t\t\t\t<div class=\"elementor-container elementor-column-gap-no\">\n\t\t\t\t\t<div class=\"elementor-column elementor-col-100 elementor-inner-column elementor-element elementor-element-3ce4c81f\" data-id=\"3ce4c81f\" data-element_type=\"column\">\n\t\t\t<div class=\"elementor-widget-wrap elementor-element-populated\">\n\t\t\t\t\t\t\t\t<div class=\"elementor-element elementor-element-4b772c1b animated-fast elementor-invisible elementor-widget elementor-widget-heading\" data-id=\"4b772c1b\" data-element_type=\"widget\" data-settings=\"{&quot;_animation&quot;:&quot;opal-move-up&quot;}\" data-widget_type=\"heading.default\">\n\t\t\t\t<div class=\"elementor-widget-container\">\n\t\t\t<div class=\"elementor-heading-wrapper\" ><h2 class=\"elementor-heading-title elementor-size-default\">Un moment pr\u00e9cieux \u00e0 c\u00e9l\u00e9brer ? <\/h2><div class=\"elementor-subtitle-wrapper\"><\/div><\/div>\t\t<\/div>\n\t\t\t\t<\/div>\n\t\t\t\t<div class=\"elementor-element elementor-element-75371ebb elementor-align-center animated-fast elementor-wpcf7-button-secondary elementor-wpcf7-button-md elementor-invisible elementor-widget elementor-widget-button\" data-id=\"75371ebb\" data-element_type=\"widget\" data-settings=\"{&quot;_animation&quot;:&quot;opal-scale-up&quot;}\" data-widget_type=\"button.default\">\n\t\t\t\t<div class=\"elementor-widget-container\">\n\t\t\t        <div class=\"elementor-button-wrapper elementor-button-primary opal-button-contact7\">\n            <a class=\"elementor-button elementor-size-sm\" role=\"button\" href=\"#opal-contactform-popup-75371ebb\" data-effect=\"mfp-zoom-in\">\n                \t\t<span class=\"elementor-button-content-wrapper\">\n\t\t\t\t\t\t<span class=\"elementor-button-text\">Contactez-moi<\/span>\n\t\t<\/span>\n\t\t            <\/a>\n        <\/div>\n                    <div id=\"opal-contactform-popup-75371ebb\"\n                 class=\"mfp-hide contactform-content\">\n                <div class=\"heading-form\">\n                    <div class=\"form-title\">Formulaire de contact<\/div>\n                <\/div>\n                \n<div class=\"wpcf7 no-js\" id=\"wpcf7-f7-o1\" lang=\"fr-FR\" dir=\"ltr\">\n<div class=\"screen-reader-response\"><p role=\"status\" aria-live=\"polite\" aria-atomic=\"true\"><\/p> <ul><\/ul><\/div>\n<form action=\"\/index.php\/wp-json\/wp\/v2\/pages\/3001#wpcf7-f7-o1\" method=\"post\" class=\"wpcf7-form init\" aria-label=\"Formulaire de contact\" novalidate=\"novalidate\" data-status=\"init\">\n<div style=\"display: none;\">\n<input type=\"hidden\" name=\"_wpcf7\" value=\"7\" \/>\n<input type=\"hidden\" name=\"_wpcf7_version\" value=\"5.7.7\" \/>\n<input type=\"hidden\" name=\"_wpcf7_locale\" value=\"fr_FR\" \/>\n<input type=\"hidden\" name=\"_wpcf7_unit_tag\" value=\"wpcf7-f7-o1\" \/>\n<input type=\"hidden\" name=\"_wpcf7_container_post\" value=\"0\" \/>\n<input type=\"hidden\" name=\"_wpcf7_posted_data_hash\" value=\"\" \/>\n<\/div>\n<p><label> Votre nom<br \/>\n<span class=\"wpcf7-form-control-wrap\" data-name=\"your-name\"><input size=\"40\" class=\"wpcf7-form-control wpcf7-text wpcf7-validates-as-required\" aria-required=\"true\" aria-invalid=\"false\" value=\"\" type=\"text\" name=\"your-name\" \/><\/span> <\/label>\n<\/p>\n<p><label> Votre e-mail<br \/>\n<span class=\"wpcf7-form-control-wrap\" data-name=\"your-email\"><input size=\"40\" class=\"wpcf7-form-control wpcf7-text wpcf7-email wpcf7-validates-as-required wpcf7-validates-as-email\" aria-required=\"true\" aria-invalid=\"false\" value=\"\" type=\"email\" name=\"your-email\" \/><\/span> <\/label>\n<\/p>\n<p><label> Objet<br \/>\n<span class=\"wpcf7-form-control-wrap\" data-name=\"your-subject\"><input size=\"40\" class=\"wpcf7-form-control wpcf7-text wpcf7-validates-as-required\" aria-required=\"true\" aria-invalid=\"false\" value=\"\" type=\"text\" name=\"your-subject\" \/><\/span> <\/label>\n<\/p>\n<p><label> Votre message<br \/>\n<span class=\"wpcf7-form-control-wrap\" data-name=\"your-message\"><textarea cols=\"40\" rows=\"10\" class=\"wpcf7-form-control wpcf7-textarea\" aria-invalid=\"false\" name=\"your-message\"><\/textarea><\/span> <\/label>\n<\/p>\n<p><input class=\"wpcf7-form-control has-spinner wpcf7-submit\" type=\"submit\" value=\"Envoyer\" \/>\n<\/p><p style=\"display: none !important;\"><label>&#916;<textarea name=\"_wpcf7_ak_hp_textarea\" cols=\"45\" rows=\"8\" maxlength=\"100\"><\/textarea><\/label><input type=\"hidden\" id=\"ak_js_1\" name=\"_wpcf7_ak_js\" value=\"43\"\/><script>document.getElementById( \"ak_js_1\" ).setAttribute( \"value\", ( new Date() ).getTime() );<\/script><\/p><div class=\"wpcf7-response-output\" aria-hidden=\"true\"><\/div>\n<\/form>\n<\/div>\n            <\/div>\n            \t\t<\/div>\n\t\t\t\t<\/div>\n\t\t\t\t\t<\/div>\n\t\t<\/div>\n\t\t\t\t\t\t\t<\/div>\n\t\t<\/section>\n\t\t\t\t\t<\/div>\n\t\t<\/div>\n\t\t\t\t\t\t\t<\/div>\n\t\t<\/section>\n\t\t\t\t\t\t\t<\/div>\n\t\t","protected":false},"excerpt":{"rendered":"<p>C\u00e9r\u00e9monie de bienvenue La c\u00e9r\u00e9monie de bienvenue vous offrira l\u2019occasion de rassembler les personnes importantes pour votre enfant et de symboliser l\u2019arriv\u00e9e de ce petit bonheur dans votre vie. Cette f\u00eate de naissance peut \u00eatre une alternative aux bapt\u00eames mais elle peut aussi \u00eatre c\u00e9l\u00e9br\u00e9e pour un enfant de tout \u00e2ge ou pour tout nouveau &hellip; <\/p>\n<p class=\"link-more\"><a href=\"https:\/\/melisme.be\/index.php\/services\/bienvenue\/\" class=\"more-link\">Read More <span class=\"screen-reader-text\"> \u00ab\u00a0C\u00e9r\u00e9monies de bienvenue\u00a0\u00bb<\/span><\/a><\/p>\n","protected":false},"author":1,"featured_media":0,"parent":792,"menu_order":0,"comment_status":"closed","ping_status":"closed","template":"","meta":{"inline_featured_image":false,"_monsterinsights_skip_tracking":false,"_monsterinsights_sitenote_active":false,"_monsterinsights_sitenote_note":"","_monsterinsights_sitenote_category":0,"footnotes":""},"class_list":["post-3001","page","type-page","status-publish","hentry"],"aioseo_notices":[],"_links":{"self":[{"href":"https:\/\/melisme.be\/index.php\/wp-json\/wp\/v2\/pages\/3001","targetHints":{"allow":["GET"]}}],"collection":[{"href":"https:\/\/melisme.be\/index.php\/wp-json\/wp\/v2\/pages"}],"about":[{"href":"https:\/\/melisme.be\/index.php\/wp-json\/wp\/v2\/types\/page"}],"author":[{"embeddable":true,"href":"https:\/\/melisme.be\/index.php\/wp-json\/wp\/v2\/users\/1"}],"replies":[{"embeddable":true,"href":"https:\/\/melisme.be\/index.php\/wp-json\/wp\/v2\/comments?post=3001"}],"version-history":[{"count":39,"href":"https:\/\/melisme.be\/index.php\/wp-json\/wp\/v2\/pages\/3001\/revisions"}],"predecessor-version":[{"id":3807,"href":"https:\/\/melisme.be\/index.php\/wp-json\/wp\/v2\/pages\/3001\/revisions\/3807"}],"up":[{"embeddable":true,"href":"https:\/\/melisme.be\/index.php\/wp-json\/wp\/v2\/pages\/792"}],"wp:attachment":[{"href":"https:\/\/melisme.be\/index.php\/wp-json\/wp\/v2\/media?parent=3001"}],"curies":[{"name":"wp","href":"https:\/\/api.w.org\/{rel}","templated":true}]}}