{"id":3004,"date":"2019-12-20T02:11:11","date_gmt":"2019-12-20T02:11:11","guid":{"rendered":"http:\/\/source.wpopal.com\/taysta\/?page_id=3004"},"modified":"2022-11-20T15:19:08","modified_gmt":"2022-11-20T14:19:08","slug":"prenatales","status":"publish","type":"page","link":"https:\/\/melisme.be\/index.php\/services\/prenatales\/","title":{"rendered":"C\u00e9r\u00e9monies pr\u00e9natales"},"content":{"rendered":"\t\t<div data-elementor-type=\"wp-page\" data-elementor-id=\"3004\" class=\"elementor elementor-3004\">\n\t\t\t\t\t\t\t\t\t<section class=\"elementor-section elementor-top-section elementor-element elementor-element-6349051d elementor-section-stretched elementor-section-boxed elementor-section-height-default elementor-section-height-default\" data-id=\"6349051d\" data-element_type=\"section\" data-settings=\"{&quot;stretch_section&quot;:&quot;section-stretched&quot;}\">\n\t\t\t\t\t\t<div class=\"elementor-container elementor-column-gap-default\">\n\t\t\t\t\t<div class=\"elementor-column elementor-col-50 elementor-top-column elementor-element elementor-element-78c20ff8\" data-id=\"78c20ff8\" data-element_type=\"column\">\n\t\t\t<div class=\"elementor-widget-wrap elementor-element-populated\">\n\t\t\t\t\t\t\t\t<div class=\"elementor-element elementor-element-496efc7f elementor-widget elementor-widget-heading\" data-id=\"496efc7f\" data-element_type=\"widget\" data-widget_type=\"heading.default\">\n\t\t\t\t<div class=\"elementor-widget-container\">\n\t\t\t<div class=\"elementor-heading-wrapper\" ><h2 class=\"elementor-heading-title elementor-size-default\">C\u00e9r\u00e9monies pr\u00e9natales<\/h2><div class=\"elementor-subtitle-wrapper\"><\/div><\/div>\t\t<\/div>\n\t\t\t\t<\/div>\n\t\t\t\t<div class=\"elementor-element elementor-element-4a6faf45 elementor-widget elementor-widget-text-editor\" data-id=\"4a6faf45\" data-element_type=\"widget\" data-widget_type=\"text-editor.default\">\n\t\t\t\t<div class=\"elementor-widget-container\">\n\t\t\t        <div class=\"elementor-text-editor elementor-clearfix\"><p>Souvent plus connue sous le nom de <em>blessingway<\/em>, la c\u00e9r\u00e9monie pr\u00e9natale est un moment pour ritualiser le passage de femme \u00e0 m\u00e8re au cours du 3<sup>e<\/sup> trimestre de la grossesse. Elle est aussi l\u2019occasion de b\u00e9nir l\u2019arriv\u00e9e toute proche de l\u2019enfant.<\/p><p>Cette c\u00e9r\u00e9monie se vit g\u00e9n\u00e9ralement entre femmes pour transmettre la sagesse f\u00e9minine li\u00e9e \u00e0 l\u2019enfantement mais peut aussi \u00eatre organis\u00e9e autour de votre projet personnel. Gr\u00e2ce \u00e0 des m\u00e9ditations, des moments d\u2019introspection et de partage mais aussi des rituels tout doux, voici une belle mani\u00e8re de recevoir du soutien et de l\u2019Amour dans votre chemin vers la maternit\u00e9.<\/p><p>Je vous propose 3 offres pour ces c\u00e9r\u00e9monies. Pour une c\u00e9r\u00e9monie sur-mesure, contactez-moi pour un devis adapt\u00e9 \u00e0 votre projet.<\/p><p>Pour chaque c\u00e9l\u00e9bration, je propose un appel gratuit de 30 minutes pour faire connaissance et discuter de votre projet avant de vous engager avec moi.<\/p><\/div>\n        \t\t<\/div>\n\t\t\t\t<\/div>\n\t\t\t\t\t<\/div>\n\t\t<\/div>\n\t\t\t\t<div class=\"elementor-column elementor-col-50 elementor-top-column elementor-element elementor-element-1ec13ea2\" data-id=\"1ec13ea2\" data-element_type=\"column\">\n\t\t\t<div class=\"elementor-widget-wrap elementor-element-populated\">\n\t\t\t\t\t\t\t\t<div class=\"elementor-element elementor-element-6171fe36 elementor-widget elementor-widget-opal-images-layers\" data-id=\"6171fe36\" data-element_type=\"widget\" data-widget_type=\"opal-images-layers.default\">\n\t\t\t\t<div class=\"elementor-widget-container\">\n\t\t\t\n        <div id=\"opal-img-layers-wrapper\" class=\"opal-img-layers-wrapper\">\n            <ul class=\"opal-img-layers-list-wrapper list-unstyled\">\n                \n                    <li class=\"opal-img-layers-list-item position-relative  elementor-repeater-item-090087c\" data-layer-animation-delay=\"0.8\" data-layer-animation=\"opal-move-down animated-fast\" >\n                                                    <img decoding=\"async\" src=\"https:\/\/melisme.be\/wp-content\/uploads\/2022\/09\/Prenatal_01.jpg\" class=\"opal-img-layers-image\"\n                                 alt=\"\">\n\n                            \n                    <\/li>\n                \n                    <li class=\"opal-img-layers-list-item position-absolute  elementor-repeater-item-4bf4c3e\" data-layer-animation-delay=\"0.8\" data-layer-animation=\"opal-move-up animated-fast\" data-parallax=\"true\" data-rate=\"-10\">\n                                                    <img decoding=\"async\" src=\"\" class=\"opal-img-layers-image\"\n                                 alt=\"\">\n\n                            \n                    <\/li>\n                            <\/ul>\n        <\/div>\n\n    \t\t<\/div>\n\t\t\t\t<\/div>\n\t\t\t\t\t<\/div>\n\t\t<\/div>\n\t\t\t\t\t\t\t<\/div>\n\t\t<\/section>\n\t\t\t\t<section class=\"elementor-section elementor-top-section elementor-element elementor-element-61db521 elementor-section-stretched elementor-section-boxed elementor-section-height-default elementor-section-height-default\" data-id=\"61db521\" data-element_type=\"section\" data-settings=\"{&quot;stretch_section&quot;:&quot;section-stretched&quot;}\">\n\t\t\t\t\t\t<div class=\"elementor-container elementor-column-gap-default\">\n\t\t\t\t\t<div class=\"elementor-column elementor-col-100 elementor-top-column elementor-element elementor-element-6151f333\" data-id=\"6151f333\" data-element_type=\"column\">\n\t\t\t<div class=\"elementor-widget-wrap elementor-element-populated\">\n\t\t\t\t\t\t\t\t<div class=\"elementor-element elementor-element-47f42102 elementor-widget-divider--view-line elementor-widget elementor-widget-divider\" data-id=\"47f42102\" data-element_type=\"widget\" data-widget_type=\"divider.default\">\n\t\t\t\t<div class=\"elementor-widget-container\">\n\t\t\t\t\t<div class=\"elementor-divider\">\n\t\t\t<span class=\"elementor-divider-separator\">\n\t\t\t\t\t\t<\/span>\n\t\t<\/div>\n\t\t\t\t<\/div>\n\t\t\t\t<\/div>\n\t\t\t\t\t<\/div>\n\t\t<\/div>\n\t\t\t\t\t\t\t<\/div>\n\t\t<\/section>\n\t\t\t\t<section class=\"elementor-section elementor-top-section elementor-element elementor-element-d13c619 elementor-section-stretched elementor-section-boxed elementor-section-height-default elementor-section-height-default\" data-id=\"d13c619\" data-element_type=\"section\" data-settings=\"{&quot;stretch_section&quot;:&quot;section-stretched&quot;}\">\n\t\t\t\t\t\t<div class=\"elementor-container elementor-column-gap-default\">\n\t\t\t\t\t<div class=\"elementor-column elementor-col-33 elementor-top-column elementor-element elementor-element-5e27b3f6\" data-id=\"5e27b3f6\" data-element_type=\"column\">\n\t\t\t<div class=\"elementor-widget-wrap elementor-element-populated\">\n\t\t\t\t\t\t\t\t<div class=\"elementor-element elementor-element-68b15635 elementor-widget elementor-widget-heading\" data-id=\"68b15635\" data-element_type=\"widget\" data-widget_type=\"heading.default\">\n\t\t\t\t<div class=\"elementor-widget-container\">\n\t\t\t<div class=\"elementor-heading-wrapper elementor-heading-line\" ><h2 class=\"elementor-heading-title elementor-size-xl\">Jaspe<\/h2><div class=\"elementor-subtitle-wrapper\"><span class=\"sub-title_line\"><\/span><span class=\"sub-title\">250\u20ac<\/span><\/div><\/div>\t\t<\/div>\n\t\t\t\t<\/div>\n\t\t\t\t<div class=\"elementor-element elementor-element-2bb47c1 elementor-widget elementor-widget-accordion\" data-id=\"2bb47c1\" data-element_type=\"widget\" data-widget_type=\"accordion.default\">\n\t\t\t\t<div class=\"elementor-widget-container\">\n\t\t\t        <div class=\"elementor-accordion\" role=\"tablist\">\n                    <div class=\"elementor-accordion-item\">\n            <div id=\"elementor-tab-title-4581\" class=\"elementor-tab-title\" tabindex=\"4581\" data-tab=\"1\" role=\"tab\" aria-controls=\"elementor-tab-content-4581\">\n                        <span class=\"elementor-accordion-icon\" aria-hidden=\"true\">\n\t\t\t\t\t\t\t<i class=\"elementor-accordion-icon-closed opal-icon-plus-circle\"><\/i>\n\t\t\t\t\t\t\t<i class=\"elementor-accordion-icon-opened opal-icon-minus-circle\"><\/i>\n\t\t\t\t\t\t<\/span>\n                    Cette formule comprend            <\/div>\n            <div id=\"elementor-tab-content-4581\" class=\"elementor-tab-content elementor-clearfix\" data-tab=\"1\" role=\"tabpanel\" aria-labelledby=\"elementor-tab-title-4581\"><ul><li><p><span style=\"color: #ff9900;\">C\u00e9l\u00e9bration de 2h \u00e0 2h30 sur le lieu de votre choix avec 3 \u00e0 8 invit\u00e9es<\/span><\/p><\/li><li><p><span style=\"color: #ff9900;\">D\u00e9coration de base pour le cercle (tapis, coussins, bougies)<\/span><\/p><\/li><li><p><span style=\"color: #ff9900;\">Moments d\u2019accueil, d\u2019ancrage et de partage avec vos invit\u00e9es<\/span><\/p><\/li><li><p><span style=\"color: #ff9900;\">1 prise de contact avec vos invit\u00e9es<\/span><\/p><\/li><li><p><span style=\"color: #ff9900;\">1 activit\u00e9 (rituel ou d\u00e9tente) \u00e0 choisir parmi une s\u00e9rie de propositions<\/span><\/p><\/li><li><p><span style=\"color: #ff9900;\">1 surprise et 1 petit cadeau pour vous accompagner vers la naissance<\/span><\/p><\/li><li><p><span style=\"color: #ff9900;\">Tirage d\u2019oracle et placement d\u2019intention<\/span><\/p><\/li><li><p><span style=\"color: #ff9900;\">30km de d\u00e9placement inclus depuis Wavre (+0,35\u20ac par km suppl\u00e9mentaire)<\/span><\/p><\/li><\/ul><\/div>\n            <\/div>\n                <\/div>\n        \t\t<\/div>\n\t\t\t\t<\/div>\n\t\t\t\t\t<\/div>\n\t\t<\/div>\n\t\t\t\t<div class=\"elementor-column elementor-col-33 elementor-top-column elementor-element elementor-element-79d91ade\" data-id=\"79d91ade\" data-element_type=\"column\">\n\t\t\t<div class=\"elementor-widget-wrap elementor-element-populated\">\n\t\t\t\t\t\t\t\t<div class=\"elementor-element elementor-element-44a19958 elementor-widget elementor-widget-heading\" data-id=\"44a19958\" data-element_type=\"widget\" data-widget_type=\"heading.default\">\n\t\t\t\t<div class=\"elementor-widget-container\">\n\t\t\t<div class=\"elementor-heading-wrapper elementor-heading-line\" ><h2 class=\"elementor-heading-title elementor-size-xl\">Agate<\/h2><div class=\"elementor-subtitle-wrapper\"><span class=\"sub-title_line\"><\/span><span class=\"sub-title\">320\u20ac<\/span><\/div><\/div>\t\t<\/div>\n\t\t\t\t<\/div>\n\t\t\t\t<div class=\"elementor-element elementor-element-b844c0a elementor-widget elementor-widget-accordion\" data-id=\"b844c0a\" data-element_type=\"widget\" data-widget_type=\"accordion.default\">\n\t\t\t\t<div class=\"elementor-widget-container\">\n\t\t\t        <div class=\"elementor-accordion\" role=\"tablist\">\n                    <div class=\"elementor-accordion-item\">\n            <div id=\"elementor-tab-title-1931\" class=\"elementor-tab-title\" tabindex=\"1931\" data-tab=\"1\" role=\"tab\" aria-controls=\"elementor-tab-content-1931\">\n                        <span class=\"elementor-accordion-icon\" aria-hidden=\"true\">\n\t\t\t\t\t\t\t<i class=\"elementor-accordion-icon-closed opal-icon-plus-circle\"><\/i>\n\t\t\t\t\t\t\t<i class=\"elementor-accordion-icon-opened opal-icon-minus-circle\"><\/i>\n\t\t\t\t\t\t<\/span>\n                    Cette formule comprend            <\/div>\n            <div id=\"elementor-tab-content-1931\" class=\"elementor-tab-content elementor-clearfix\" data-tab=\"1\" role=\"tabpanel\" aria-labelledby=\"elementor-tab-title-1931\"><ul><li><span style=\"color: #ff9900;\">C\u00e9l\u00e9bration de 2h30 \u00e0 3h sur le lieu de votre choix avec 3 \u00e0 10 invit\u00e9es<\/span><\/li><li><span style=\"color: #ff9900;\">D\u00e9coration de base pour le cercle (tapis, coussins, bougies, fleurs)<\/span><\/li><li><span style=\"color: #ff9900;\">1 prise de contact avec vos invit\u00e9es<\/span><\/li><li><span style=\"color: #ff9900;\">Moments d\u2019accueil, d\u2019ancrage et de partage avec vos invit\u00e9es<\/span><\/li><li><span style=\"color: #ff9900;\">2 activit\u00e9s (cr\u00e9ative, d\u00e9tente et\/ou rituel) \u00e0 choisir parmi une s\u00e9rie de propositions<\/span><\/li><li><span style=\"color: #ff9900;\">2 surprises et 1 petit cadeau pour vous accompagner vers la naissance<\/span><\/li><li><span style=\"color: #ff9900;\">Tirage d\u2019oracle et placement d\u2019intention<\/span><\/li><li><span style=\"color: #ff9900;\">5 photos HD retouch\u00e9es de votre c\u00e9r\u00e9monie<\/span><\/li><li><span style=\"color: #ff9900;\">30km de d\u00e9placement inclus depuis Wavre (+0,30\u20ac par km suppl\u00e9mentaire)<\/span><\/li><li style=\"list-style-type: none;\">\u00a0<\/li><\/ul><\/div>\n            <\/div>\n                <\/div>\n        \t\t<\/div>\n\t\t\t\t<\/div>\n\t\t\t\t\t<\/div>\n\t\t<\/div>\n\t\t\t\t<div class=\"elementor-column elementor-col-33 elementor-top-column elementor-element elementor-element-7279cec6\" data-id=\"7279cec6\" data-element_type=\"column\">\n\t\t\t<div class=\"elementor-widget-wrap elementor-element-populated\">\n\t\t\t\t\t\t\t\t<div class=\"elementor-element elementor-element-59d94458 elementor-widget elementor-widget-heading\" data-id=\"59d94458\" data-element_type=\"widget\" data-widget_type=\"heading.default\">\n\t\t\t\t<div class=\"elementor-widget-container\">\n\t\t\t<div class=\"elementor-heading-wrapper elementor-heading-line\" ><h2 class=\"elementor-heading-title elementor-size-xl\">Topaze<\/h2><div class=\"elementor-subtitle-wrapper\"><span class=\"sub-title_line\"><\/span><span class=\"sub-title\">390\u20ac<\/span><\/div><\/div>\t\t<\/div>\n\t\t\t\t<\/div>\n\t\t\t\t<div class=\"elementor-element elementor-element-647129d elementor-widget elementor-widget-accordion\" data-id=\"647129d\" data-element_type=\"widget\" data-widget_type=\"accordion.default\">\n\t\t\t\t<div class=\"elementor-widget-container\">\n\t\t\t        <div class=\"elementor-accordion\" role=\"tablist\">\n                    <div class=\"elementor-accordion-item\">\n            <div id=\"elementor-tab-title-1051\" class=\"elementor-tab-title\" tabindex=\"1051\" data-tab=\"1\" role=\"tab\" aria-controls=\"elementor-tab-content-1051\">\n                        <span class=\"elementor-accordion-icon\" aria-hidden=\"true\">\n\t\t\t\t\t\t\t<i class=\"elementor-accordion-icon-closed opal-icon-plus-circle\"><\/i>\n\t\t\t\t\t\t\t<i class=\"elementor-accordion-icon-opened opal-icon-minus-circle\"><\/i>\n\t\t\t\t\t\t<\/span>\n                    Cette formule comprend            <\/div>\n            <div id=\"elementor-tab-content-1051\" class=\"elementor-tab-content elementor-clearfix\" data-tab=\"1\" role=\"tabpanel\" aria-labelledby=\"elementor-tab-title-1051\"><ul><li><p><span style=\"color: #ff9900;\">C\u00e9l\u00e9bration de 3h \u00e0 3h30 sur le lieu de votre choix avec 3 \u00e0 10 invit\u00e9es<\/span><\/p><\/li><li><p><span style=\"color: #ff9900;\">D\u00e9coration de base pour le cercle (tapis, coussins, bougies, fleurs)<\/span><\/p><\/li><li><p><span style=\"color: #ff9900;\">1 prise de contact avec vos invit\u00e9es<\/span><\/p><\/li><li><p><span style=\"color: #ff9900;\">Moments d\u2019accueil, d\u2019ancrage et de partage avec vos invit\u00e9es<\/span><\/p><\/li><li><p><span style=\"color: #ff9900;\">3 activit\u00e9s (cr\u00e9ative, d\u00e9tente et\/ou rituel) \u00e0 choisir parmi une s\u00e9rie de propositions<\/span><\/p><\/li><li><p><span style=\"color: #ff9900;\">`2 surprises et 1 petit cadeau (\u00e0 choisir) pour vous accompagner vers la naissance<\/span><\/p><\/li><li><p><span style=\"color: #ff9900;\">Tirage d\u2019oracle et placement d\u2019intention<\/span><\/p><\/li><li><span style=\"color: #ff9900;\">10 photos HD retouch\u00e9es de votre c\u00e9r\u00e9monie<br \/><\/span><\/li><li><p><span style=\"color: #ff9900;\">30km de d\u00e9placement inclus depuis Wavre (+0,3O\u20ac par km suppl\u00e9mentaire)<\/span><\/p><\/li><\/ul><\/div>\n            <\/div>\n                <\/div>\n        \t\t<\/div>\n\t\t\t\t<\/div>\n\t\t\t\t\t<\/div>\n\t\t<\/div>\n\t\t\t\t\t\t\t<\/div>\n\t\t<\/section>\n\t\t\t\t<section class=\"elementor-section elementor-top-section elementor-element elementor-element-640de89d elementor-section-stretched elementor-section-boxed elementor-section-height-default elementor-section-height-default\" data-id=\"640de89d\" data-element_type=\"section\" data-settings=\"{&quot;stretch_section&quot;:&quot;section-stretched&quot;}\">\n\t\t\t\t\t\t<div class=\"elementor-container elementor-column-gap-no\">\n\t\t\t\t\t<div class=\"elementor-column elementor-col-100 elementor-top-column elementor-element elementor-element-25ca3f1c\" data-id=\"25ca3f1c\" data-element_type=\"column\" data-settings=\"{&quot;background_background&quot;:&quot;classic&quot;}\">\n\t\t\t<div class=\"elementor-widget-wrap elementor-element-populated\">\n\t\t\t\t\t<div class=\"elementor-background-overlay\"><\/div>\n\t\t\t\t\t\t\t\t<section class=\"elementor-section elementor-inner-section elementor-element elementor-element-75b42390 elementor-section-boxed elementor-section-height-default elementor-section-height-default\" data-id=\"75b42390\" data-element_type=\"section\">\n\t\t\t\t\t\t<div class=\"elementor-container elementor-column-gap-no\">\n\t\t\t\t\t<div class=\"elementor-column elementor-col-100 elementor-inner-column elementor-element elementor-element-39a4ed60\" data-id=\"39a4ed60\" data-element_type=\"column\">\n\t\t\t<div class=\"elementor-widget-wrap elementor-element-populated\">\n\t\t\t\t\t\t\t\t<div class=\"elementor-element elementor-element-14da107f animated-fast elementor-invisible elementor-widget elementor-widget-heading\" data-id=\"14da107f\" data-element_type=\"widget\" data-settings=\"{&quot;_animation&quot;:&quot;opal-move-up&quot;}\" data-widget_type=\"heading.default\">\n\t\t\t\t<div class=\"elementor-widget-container\">\n\t\t\t<div class=\"elementor-heading-wrapper\" ><h2 class=\"elementor-heading-title elementor-size-default\">Un moment pr\u00e9cieux \u00e0 c\u00e9l\u00e9brer ? <\/h2><div class=\"elementor-subtitle-wrapper\"><\/div><\/div>\t\t<\/div>\n\t\t\t\t<\/div>\n\t\t\t\t<div class=\"elementor-element elementor-element-1969ab52 elementor-align-center animated-fast elementor-wpcf7-button-secondary elementor-wpcf7-button-md elementor-invisible elementor-widget elementor-widget-button\" data-id=\"1969ab52\" data-element_type=\"widget\" data-settings=\"{&quot;_animation&quot;:&quot;opal-scale-up&quot;}\" data-widget_type=\"button.default\">\n\t\t\t\t<div class=\"elementor-widget-container\">\n\t\t\t        <div class=\"elementor-button-wrapper elementor-button-primary opal-button-contact7\">\n            <a class=\"elementor-button elementor-size-sm\" role=\"button\" href=\"#opal-contactform-popup-1969ab52\" data-effect=\"mfp-zoom-in\">\n                \t\t<span class=\"elementor-button-content-wrapper\">\n\t\t\t\t\t\t<span class=\"elementor-button-text\">Contactez-moi<\/span>\n\t\t<\/span>\n\t\t            <\/a>\n        <\/div>\n                    <div id=\"opal-contactform-popup-1969ab52\"\n                 class=\"mfp-hide contactform-content\">\n                <div class=\"heading-form\">\n                    <div class=\"form-title\">Formulaire de contact<\/div>\n                <\/div>\n                \n<div class=\"wpcf7 no-js\" id=\"wpcf7-f7-o1\" lang=\"fr-FR\" dir=\"ltr\">\n<div class=\"screen-reader-response\"><p role=\"status\" aria-live=\"polite\" aria-atomic=\"true\"><\/p> <ul><\/ul><\/div>\n<form action=\"\/index.php\/wp-json\/wp\/v2\/pages\/3004#wpcf7-f7-o1\" method=\"post\" class=\"wpcf7-form init\" aria-label=\"Formulaire de contact\" novalidate=\"novalidate\" data-status=\"init\">\n<div style=\"display: none;\">\n<input type=\"hidden\" name=\"_wpcf7\" value=\"7\" \/>\n<input type=\"hidden\" name=\"_wpcf7_version\" value=\"5.7.7\" \/>\n<input type=\"hidden\" name=\"_wpcf7_locale\" value=\"fr_FR\" \/>\n<input type=\"hidden\" name=\"_wpcf7_unit_tag\" value=\"wpcf7-f7-o1\" \/>\n<input type=\"hidden\" name=\"_wpcf7_container_post\" value=\"0\" \/>\n<input type=\"hidden\" name=\"_wpcf7_posted_data_hash\" value=\"\" \/>\n<\/div>\n<p><label> Votre nom<br \/>\n<span class=\"wpcf7-form-control-wrap\" data-name=\"your-name\"><input size=\"40\" class=\"wpcf7-form-control wpcf7-text wpcf7-validates-as-required\" aria-required=\"true\" aria-invalid=\"false\" value=\"\" type=\"text\" name=\"your-name\" \/><\/span> <\/label>\n<\/p>\n<p><label> Votre e-mail<br \/>\n<span class=\"wpcf7-form-control-wrap\" data-name=\"your-email\"><input size=\"40\" class=\"wpcf7-form-control wpcf7-text wpcf7-email wpcf7-validates-as-required wpcf7-validates-as-email\" aria-required=\"true\" aria-invalid=\"false\" value=\"\" type=\"email\" name=\"your-email\" \/><\/span> <\/label>\n<\/p>\n<p><label> Objet<br \/>\n<span class=\"wpcf7-form-control-wrap\" data-name=\"your-subject\"><input size=\"40\" class=\"wpcf7-form-control wpcf7-text wpcf7-validates-as-required\" aria-required=\"true\" aria-invalid=\"false\" value=\"\" type=\"text\" name=\"your-subject\" \/><\/span> <\/label>\n<\/p>\n<p><label> Votre message<br \/>\n<span class=\"wpcf7-form-control-wrap\" data-name=\"your-message\"><textarea cols=\"40\" rows=\"10\" class=\"wpcf7-form-control wpcf7-textarea\" aria-invalid=\"false\" name=\"your-message\"><\/textarea><\/span> <\/label>\n<\/p>\n<p><input class=\"wpcf7-form-control has-spinner wpcf7-submit\" type=\"submit\" value=\"Envoyer\" \/>\n<\/p><p style=\"display: none !important;\"><label>&#916;<textarea name=\"_wpcf7_ak_hp_textarea\" cols=\"45\" rows=\"8\" maxlength=\"100\"><\/textarea><\/label><input type=\"hidden\" id=\"ak_js_1\" name=\"_wpcf7_ak_js\" value=\"250\"\/><script>document.getElementById( \"ak_js_1\" ).setAttribute( \"value\", ( new Date() ).getTime() );<\/script><\/p><div class=\"wpcf7-response-output\" aria-hidden=\"true\"><\/div>\n<\/form>\n<\/div>\n            <\/div>\n            \t\t<\/div>\n\t\t\t\t<\/div>\n\t\t\t\t\t<\/div>\n\t\t<\/div>\n\t\t\t\t\t\t\t<\/div>\n\t\t<\/section>\n\t\t\t\t\t<\/div>\n\t\t<\/div>\n\t\t\t\t\t\t\t<\/div>\n\t\t<\/section>\n\t\t\t\t\t\t\t<\/div>\n\t\t","protected":false},"excerpt":{"rendered":"<p>C\u00e9r\u00e9monies pr\u00e9natales Souvent plus connue sous le nom de blessingway, la c\u00e9r\u00e9monie pr\u00e9natale est un moment pour ritualiser le passage de femme \u00e0 m\u00e8re au cours du 3e trimestre de la grossesse. Elle est aussi l\u2019occasion de b\u00e9nir l\u2019arriv\u00e9e toute proche de l\u2019enfant. Cette c\u00e9r\u00e9monie se vit g\u00e9n\u00e9ralement entre femmes pour transmettre la sagesse f\u00e9minine &hellip; <\/p>\n<p class=\"link-more\"><a href=\"https:\/\/melisme.be\/index.php\/services\/prenatales\/\" class=\"more-link\">Read More <span class=\"screen-reader-text\"> \u00ab\u00a0C\u00e9r\u00e9monies pr\u00e9natales\u00a0\u00bb<\/span><\/a><\/p>\n","protected":false},"author":1,"featured_media":0,"parent":792,"menu_order":0,"comment_status":"closed","ping_status":"closed","template":"","meta":{"inline_featured_image":false,"_monsterinsights_skip_tracking":false,"_monsterinsights_sitenote_active":false,"_monsterinsights_sitenote_note":"","_monsterinsights_sitenote_category":0,"footnotes":""},"class_list":["post-3004","page","type-page","status-publish","hentry"],"aioseo_notices":[],"_links":{"self":[{"href":"https:\/\/melisme.be\/index.php\/wp-json\/wp\/v2\/pages\/3004","targetHints":{"allow":["GET"]}}],"collection":[{"href":"https:\/\/melisme.be\/index.php\/wp-json\/wp\/v2\/pages"}],"about":[{"href":"https:\/\/melisme.be\/index.php\/wp-json\/wp\/v2\/types\/page"}],"author":[{"embeddable":true,"href":"https:\/\/melisme.be\/index.php\/wp-json\/wp\/v2\/users\/1"}],"replies":[{"embeddable":true,"href":"https:\/\/melisme.be\/index.php\/wp-json\/wp\/v2\/comments?post=3004"}],"version-history":[{"count":60,"href":"https:\/\/melisme.be\/index.php\/wp-json\/wp\/v2\/pages\/3004\/revisions"}],"predecessor-version":[{"id":3804,"href":"https:\/\/melisme.be\/index.php\/wp-json\/wp\/v2\/pages\/3004\/revisions\/3804"}],"up":[{"embeddable":true,"href":"https:\/\/melisme.be\/index.php\/wp-json\/wp\/v2\/pages\/792"}],"wp:attachment":[{"href":"https:\/\/melisme.be\/index.php\/wp-json\/wp\/v2\/media?parent=3004"}],"curies":[{"name":"wp","href":"https:\/\/api.w.org\/{rel}","templated":true}]}}