{"id":3499,"date":"2022-09-09T13:27:29","date_gmt":"2022-09-09T11:27:29","guid":{"rendered":"https:\/\/melisme.be\/?page_id=3499"},"modified":"2022-11-20T15:23:12","modified_gmt":"2022-11-20T14:23:12","slug":"anniversaire","status":"publish","type":"page","link":"https:\/\/melisme.be\/index.php\/anniversaire\/","title":{"rendered":"Anniversaires et changement de vie"},"content":{"rendered":"\t\t<div data-elementor-type=\"wp-page\" data-elementor-id=\"3499\" class=\"elementor elementor-3499\">\n\t\t\t\t\t\t\t\t\t<section class=\"elementor-section elementor-top-section elementor-element elementor-element-68882af3 elementor-section-stretched elementor-section-boxed elementor-section-height-default elementor-section-height-default\" data-id=\"68882af3\" data-element_type=\"section\" data-settings=\"{&quot;stretch_section&quot;:&quot;section-stretched&quot;}\">\n\t\t\t\t\t\t<div class=\"elementor-container elementor-column-gap-default\">\n\t\t\t\t\t<div class=\"elementor-column elementor-col-50 elementor-top-column elementor-element elementor-element-789c4cd9\" data-id=\"789c4cd9\" data-element_type=\"column\">\n\t\t\t<div class=\"elementor-widget-wrap elementor-element-populated\">\n\t\t\t\t\t\t\t\t<div class=\"elementor-element elementor-element-57f04cfd elementor-widget elementor-widget-heading\" data-id=\"57f04cfd\" data-element_type=\"widget\" data-widget_type=\"heading.default\">\n\t\t\t\t<div class=\"elementor-widget-container\">\n\t\t\t<div class=\"elementor-heading-wrapper\" ><h2 class=\"elementor-heading-title elementor-size-default\">Anniversaire & changement de vie<\/h2><div class=\"elementor-subtitle-wrapper\"><\/div><\/div>\t\t<\/div>\n\t\t\t\t<\/div>\n\t\t\t\t<div class=\"elementor-element elementor-element-66182e59 elementor-widget elementor-widget-text-editor\" data-id=\"66182e59\" data-element_type=\"widget\" data-widget_type=\"text-editor.default\">\n\t\t\t\t<div class=\"elementor-widget-container\">\n\t\t\t        <div class=\"elementor-text-editor elementor-clearfix\"><p>Anniversaire, passage \u00e0 la retraite, grand changement de vie\u2026 Il est souvent doux de regarder en arri\u00e8re avec nostalgie et parfois un peu inqui\u00e9tant d\u2019envisager l\u2019avenir. Gr\u00e2ce \u00e0 ces c\u00e9r\u00e9monies, je souhaite vous inviter \u00e0 poser un nouveau regard sur ce qu\u2019est c\u00e9l\u00e9brer un anniversaire, le passage \u00e0 la retraite ou tout autre moment de transition afin de red\u00e9couvrir toute la sagesse que nous apporte la vie en allant de l\u2019avant. Je vous propose d\u2019apporter un sens nouveau \u00e0 ces moments festifs et rassembleurs.<\/p><\/div>\n        \t\t<\/div>\n\t\t\t\t<\/div>\n\t\t\t\t<div class=\"elementor-element elementor-element-2005cd9 elementor-widget-divider--view-line elementor-widget elementor-widget-divider\" data-id=\"2005cd9\" data-element_type=\"widget\" data-widget_type=\"divider.default\">\n\t\t\t\t<div class=\"elementor-widget-container\">\n\t\t\t\t\t<div class=\"elementor-divider\">\n\t\t\t<span class=\"elementor-divider-separator\">\n\t\t\t\t\t\t<\/span>\n\t\t<\/div>\n\t\t\t\t<\/div>\n\t\t\t\t<\/div>\n\t\t\t\t<div class=\"elementor-element elementor-element-231564b elementor-widget elementor-widget-opal-price-list\" data-id=\"231564b\" data-element_type=\"widget\" data-widget_type=\"opal-price-list.default\">\n\t\t\t\t<div class=\"elementor-widget-container\">\n\t\t\t        <div class=\"elementor-price-list-wrapper\">\n                                    <div class=\"elementor-price-list-item\">\n                <div class=\"elementor-price-list-content\">\n                    <div class=\"elementor-price-list-header\">\n                        <h4 class=\"elementor-price-list-heading\">Sur devis \u00e0 partir de <\/h4>\n                        <span class=\"price-list-dot\"><\/span>\n                                                <div class=\"elementor-price-list__price\">\n                            <span class=\"elementor-price-list__symbol\">&#128;<\/span>\n                                                        <span class=\"elementor-price-list__integer-part\">400<\/span>\n                        <\/div>\n                                            <\/div>\n                    <p class=\"elementor-price-list__description\">\n                        -\t1 rencontre pr\u00e9paratoire <br>\n-\tFeedbacks et diff\u00e9rents contacts par mail ou t\u00e9l\u00e9phone <br>\n-\tPrise de contact avec vos proches pour cadrer la c\u00e9r\u00e9monie <br>\n-\tCr\u00e9ation et \u00e9criture de la c\u00e9r\u00e9monie <br>\n-\tPr\u00e9sence le jour J pour c\u00e9l\u00e9brer votre moment pr\u00e9cieux <br>                    <\/p>\n                <\/div>\n            <\/div>\n                    <\/div>\n        \t\t<\/div>\n\t\t\t\t<\/div>\n\t\t\t\t\t<\/div>\n\t\t<\/div>\n\t\t\t\t<div class=\"elementor-column elementor-col-50 elementor-top-column elementor-element elementor-element-55349b66\" data-id=\"55349b66\" data-element_type=\"column\">\n\t\t\t<div class=\"elementor-widget-wrap elementor-element-populated\">\n\t\t\t\t\t\t\t\t<div class=\"elementor-element elementor-element-71745ec9 elementor-widget elementor-widget-opal-images-layers\" data-id=\"71745ec9\" data-element_type=\"widget\" data-widget_type=\"opal-images-layers.default\">\n\t\t\t\t<div class=\"elementor-widget-container\">\n\t\t\t\n        <div id=\"opal-img-layers-wrapper\" class=\"opal-img-layers-wrapper\">\n            <ul class=\"opal-img-layers-list-wrapper list-unstyled\">\n                \n                    <li class=\"opal-img-layers-list-item position-relative  elementor-repeater-item-090087c\" data-layer-animation-delay=\"0.8\" data-layer-animation=\"opal-move-down animated-fast\" >\n                                                    <img decoding=\"async\" src=\"https:\/\/melisme.be\/wp-content\/uploads\/2022\/09\/Anniversaire_01.jpg\" class=\"opal-img-layers-image\"\n                                 alt=\"\">\n\n                            \n                    <\/li>\n                \n                    <li class=\"opal-img-layers-list-item position-absolute  elementor-repeater-item-4bf4c3e\" data-layer-animation-delay=\"0.8\" data-layer-animation=\"opal-move-up animated-fast\" data-parallax=\"true\" data-rate=\"-10\">\n                                                    <img decoding=\"async\" src=\"\" class=\"opal-img-layers-image\"\n                                 alt=\"\">\n\n                            \n                    <\/li>\n                            <\/ul>\n        <\/div>\n\n    \t\t<\/div>\n\t\t\t\t<\/div>\n\t\t\t\t\t<\/div>\n\t\t<\/div>\n\t\t\t\t\t\t\t<\/div>\n\t\t<\/section>\n\t\t\t\t<section class=\"elementor-section elementor-top-section elementor-element elementor-element-4b081fac elementor-section-stretched elementor-section-boxed elementor-section-height-default elementor-section-height-default\" data-id=\"4b081fac\" data-element_type=\"section\" data-settings=\"{&quot;stretch_section&quot;:&quot;section-stretched&quot;}\">\n\t\t\t\t\t\t<div class=\"elementor-container elementor-column-gap-no\">\n\t\t\t\t\t<div class=\"elementor-column elementor-col-100 elementor-top-column elementor-element elementor-element-6db7cbda\" data-id=\"6db7cbda\" data-element_type=\"column\" data-settings=\"{&quot;background_background&quot;:&quot;classic&quot;}\">\n\t\t\t<div class=\"elementor-widget-wrap elementor-element-populated\">\n\t\t\t\t\t<div class=\"elementor-background-overlay\"><\/div>\n\t\t\t\t\t\t\t\t<section class=\"elementor-section elementor-inner-section elementor-element elementor-element-707e84dd elementor-section-boxed elementor-section-height-default elementor-section-height-default\" data-id=\"707e84dd\" data-element_type=\"section\">\n\t\t\t\t\t\t<div class=\"elementor-container elementor-column-gap-no\">\n\t\t\t\t\t<div class=\"elementor-column elementor-col-100 elementor-inner-column elementor-element elementor-element-7b313d88\" data-id=\"7b313d88\" data-element_type=\"column\">\n\t\t\t<div class=\"elementor-widget-wrap elementor-element-populated\">\n\t\t\t\t\t\t\t\t<div class=\"elementor-element elementor-element-6d8c7ca4 animated-fast elementor-invisible elementor-widget elementor-widget-heading\" data-id=\"6d8c7ca4\" data-element_type=\"widget\" data-settings=\"{&quot;_animation&quot;:&quot;opal-move-up&quot;}\" data-widget_type=\"heading.default\">\n\t\t\t\t<div class=\"elementor-widget-container\">\n\t\t\t<div class=\"elementor-heading-wrapper\" ><h2 class=\"elementor-heading-title elementor-size-default\">Un moment pr\u00e9cieux \u00e0 c\u00e9l\u00e9brer ? <\/h2><div class=\"elementor-subtitle-wrapper\"><\/div><\/div>\t\t<\/div>\n\t\t\t\t<\/div>\n\t\t\t\t<div class=\"elementor-element elementor-element-257aca3e elementor-align-center animated-fast elementor-wpcf7-button-secondary elementor-wpcf7-button-md elementor-invisible elementor-widget elementor-widget-button\" data-id=\"257aca3e\" data-element_type=\"widget\" data-settings=\"{&quot;_animation&quot;:&quot;opal-scale-up&quot;}\" data-widget_type=\"button.default\">\n\t\t\t\t<div class=\"elementor-widget-container\">\n\t\t\t        <div class=\"elementor-button-wrapper elementor-button-primary opal-button-contact7\">\n            <a class=\"elementor-button elementor-size-sm\" role=\"button\" href=\"#opal-contactform-popup-257aca3e\" data-effect=\"mfp-zoom-in\">\n                \t\t<span class=\"elementor-button-content-wrapper\">\n\t\t\t\t\t\t<span class=\"elementor-button-text\">Contactez-moi<\/span>\n\t\t<\/span>\n\t\t            <\/a>\n        <\/div>\n                    <div id=\"opal-contactform-popup-257aca3e\"\n                 class=\"mfp-hide contactform-content\">\n                <div class=\"heading-form\">\n                    <div class=\"form-title\">Formulaire de contact<\/div>\n                <\/div>\n                \n<div class=\"wpcf7 no-js\" id=\"wpcf7-f7-o1\" lang=\"fr-FR\" dir=\"ltr\">\n<div class=\"screen-reader-response\"><p role=\"status\" aria-live=\"polite\" aria-atomic=\"true\"><\/p> <ul><\/ul><\/div>\n<form action=\"\/index.php\/wp-json\/wp\/v2\/pages\/3499#wpcf7-f7-o1\" method=\"post\" class=\"wpcf7-form init\" aria-label=\"Formulaire de contact\" novalidate=\"novalidate\" data-status=\"init\">\n<div style=\"display: none;\">\n<input type=\"hidden\" name=\"_wpcf7\" value=\"7\" \/>\n<input type=\"hidden\" name=\"_wpcf7_version\" value=\"5.7.7\" \/>\n<input type=\"hidden\" name=\"_wpcf7_locale\" value=\"fr_FR\" \/>\n<input type=\"hidden\" name=\"_wpcf7_unit_tag\" value=\"wpcf7-f7-o1\" \/>\n<input type=\"hidden\" name=\"_wpcf7_container_post\" value=\"0\" \/>\n<input type=\"hidden\" name=\"_wpcf7_posted_data_hash\" value=\"\" \/>\n<\/div>\n<p><label> Votre nom<br \/>\n<span class=\"wpcf7-form-control-wrap\" data-name=\"your-name\"><input size=\"40\" class=\"wpcf7-form-control wpcf7-text wpcf7-validates-as-required\" aria-required=\"true\" aria-invalid=\"false\" value=\"\" type=\"text\" name=\"your-name\" \/><\/span> <\/label>\n<\/p>\n<p><label> Votre e-mail<br \/>\n<span class=\"wpcf7-form-control-wrap\" data-name=\"your-email\"><input size=\"40\" class=\"wpcf7-form-control wpcf7-text wpcf7-email wpcf7-validates-as-required wpcf7-validates-as-email\" aria-required=\"true\" aria-invalid=\"false\" value=\"\" type=\"email\" name=\"your-email\" \/><\/span> <\/label>\n<\/p>\n<p><label> Objet<br \/>\n<span class=\"wpcf7-form-control-wrap\" data-name=\"your-subject\"><input size=\"40\" class=\"wpcf7-form-control wpcf7-text wpcf7-validates-as-required\" aria-required=\"true\" aria-invalid=\"false\" value=\"\" type=\"text\" name=\"your-subject\" \/><\/span> <\/label>\n<\/p>\n<p><label> Votre message<br \/>\n<span class=\"wpcf7-form-control-wrap\" data-name=\"your-message\"><textarea cols=\"40\" rows=\"10\" class=\"wpcf7-form-control wpcf7-textarea\" aria-invalid=\"false\" name=\"your-message\"><\/textarea><\/span> <\/label>\n<\/p>\n<p><input class=\"wpcf7-form-control has-spinner wpcf7-submit\" type=\"submit\" value=\"Envoyer\" \/>\n<\/p><p style=\"display: none !important;\"><label>&#916;<textarea name=\"_wpcf7_ak_hp_textarea\" cols=\"45\" rows=\"8\" maxlength=\"100\"><\/textarea><\/label><input type=\"hidden\" id=\"ak_js_1\" name=\"_wpcf7_ak_js\" value=\"244\"\/><script>document.getElementById( \"ak_js_1\" ).setAttribute( \"value\", ( new Date() ).getTime() );<\/script><\/p><div class=\"wpcf7-response-output\" aria-hidden=\"true\"><\/div>\n<\/form>\n<\/div>\n            <\/div>\n            \t\t<\/div>\n\t\t\t\t<\/div>\n\t\t\t\t\t<\/div>\n\t\t<\/div>\n\t\t\t\t\t\t\t<\/div>\n\t\t<\/section>\n\t\t\t\t\t<\/div>\n\t\t<\/div>\n\t\t\t\t\t\t\t<\/div>\n\t\t<\/section>\n\t\t\t\t\t\t\t<\/div>\n\t\t","protected":false},"excerpt":{"rendered":"<p>Anniversaire &#038; changement de vie Anniversaire, passage \u00e0 la retraite, grand changement de vie\u2026 Il est souvent doux de regarder en arri\u00e8re avec nostalgie et parfois un peu inqui\u00e9tant d\u2019envisager l\u2019avenir. Gr\u00e2ce \u00e0 ces c\u00e9r\u00e9monies, je souhaite vous inviter \u00e0 poser un nouveau regard sur ce qu\u2019est c\u00e9l\u00e9brer un anniversaire, le passage \u00e0 la retraite &hellip; <\/p>\n<p class=\"link-more\"><a href=\"https:\/\/melisme.be\/index.php\/anniversaire\/\" class=\"more-link\">Read More <span class=\"screen-reader-text\"> \u00ab\u00a0Anniversaires et changement de vie\u00a0\u00bb<\/span><\/a><\/p>\n","protected":false},"author":1,"featured_media":0,"parent":0,"menu_order":0,"comment_status":"closed","ping_status":"closed","template":"","meta":{"inline_featured_image":false,"_monsterinsights_skip_tracking":false,"_monsterinsights_sitenote_active":false,"_monsterinsights_sitenote_note":"","_monsterinsights_sitenote_category":0,"footnotes":""},"class_list":["post-3499","page","type-page","status-publish","hentry"],"aioseo_notices":[],"_links":{"self":[{"href":"https:\/\/melisme.be\/index.php\/wp-json\/wp\/v2\/pages\/3499","targetHints":{"allow":["GET"]}}],"collection":[{"href":"https:\/\/melisme.be\/index.php\/wp-json\/wp\/v2\/pages"}],"about":[{"href":"https:\/\/melisme.be\/index.php\/wp-json\/wp\/v2\/types\/page"}],"author":[{"embeddable":true,"href":"https:\/\/melisme.be\/index.php\/wp-json\/wp\/v2\/users\/1"}],"replies":[{"embeddable":true,"href":"https:\/\/melisme.be\/index.php\/wp-json\/wp\/v2\/comments?post=3499"}],"version-history":[{"count":27,"href":"https:\/\/melisme.be\/index.php\/wp-json\/wp\/v2\/pages\/3499\/revisions"}],"predecessor-version":[{"id":3813,"href":"https:\/\/melisme.be\/index.php\/wp-json\/wp\/v2\/pages\/3499\/revisions\/3813"}],"wp:attachment":[{"href":"https:\/\/melisme.be\/index.php\/wp-json\/wp\/v2\/media?parent=3499"}],"curies":[{"name":"wp","href":"https:\/\/api.w.org\/{rel}","templated":true}]}}