{"id":792,"date":"2019-12-12T03:13:30","date_gmt":"2019-12-12T03:13:30","guid":{"rendered":"http:\/\/source.wpopal.com\/taysta\/?page_id=792"},"modified":"2022-09-18T20:11:49","modified_gmt":"2022-09-18T18:11:49","slug":"services","status":"publish","type":"page","link":"https:\/\/melisme.be\/index.php\/services\/","title":{"rendered":"Services"},"content":{"rendered":"\t\t<div data-elementor-type=\"wp-page\" data-elementor-id=\"792\" class=\"elementor elementor-792\">\n\t\t\t\t\t\t\t\t\t<section class=\"elementor-section elementor-top-section elementor-element elementor-element-263e5263 elementor-section-stretched elementor-section-boxed elementor-section-height-default elementor-section-height-default elementor-invisible\" data-id=\"263e5263\" data-element_type=\"section\" data-settings=\"{&quot;stretch_section&quot;:&quot;section-stretched&quot;,&quot;background_background&quot;:&quot;classic&quot;,&quot;animation&quot;:&quot;opal-move-up&quot;}\">\n\t\t\t\t\t\t<div class=\"elementor-container elementor-column-gap-no\">\n\t\t\t\t\t<div class=\"elementor-column elementor-col-50 elementor-top-column elementor-element elementor-element-73f1a305\" data-id=\"73f1a305\" data-element_type=\"column\">\n\t\t\t<div class=\"elementor-widget-wrap elementor-element-populated\">\n\t\t\t\t\t\t\t\t<div class=\"elementor-element elementor-element-7894e9a6 elementor-widget elementor-widget-image\" data-id=\"7894e9a6\" data-element_type=\"widget\" data-widget_type=\"image.default\">\n\t\t\t\t<div class=\"elementor-widget-container\">\n\t\t\t\t\t\t\t\t\t\t\t\t\t\t\t<img loading=\"lazy\" decoding=\"async\" width=\"591\" height=\"730\" src=\"https:\/\/melisme.be\/wp-content\/uploads\/2022\/09\/Service_01.jpg\" class=\"attachment-medium_large size-medium_large wp-image-3576\" alt=\"\" srcset=\"https:\/\/melisme.be\/wp-content\/uploads\/2022\/09\/Service_01.jpg 591w, https:\/\/melisme.be\/wp-content\/uploads\/2022\/09\/Service_01-243x300.jpg 243w\" sizes=\"auto, (max-width: 591px) 100vw, 591px\" \/>\t\t\t\t\t\t\t\t\t\t\t\t\t\t\t<\/div>\n\t\t\t\t<\/div>\n\t\t\t\t\t<\/div>\n\t\t<\/div>\n\t\t\t\t<div class=\"elementor-column elementor-col-50 elementor-top-column elementor-element elementor-element-6ffee28\" data-id=\"6ffee28\" data-element_type=\"column\">\n\t\t\t<div class=\"elementor-widget-wrap elementor-element-populated\">\n\t\t\t\t\t\t\t\t<div class=\"elementor-element elementor-element-6bc14247 elementor-widget elementor-widget-heading\" data-id=\"6bc14247\" data-element_type=\"widget\" data-widget_type=\"heading.default\">\n\t\t\t\t<div class=\"elementor-widget-container\">\n\t\t\t<div class=\"elementor-heading-wrapper elementor-heading-line\" ><h2 class=\"elementor-heading-title elementor-size-default\">Des moments pr\u00e9cieux \u00e0 c\u00e9l\u00e9brer<\/h2><div class=\"elementor-subtitle-wrapper\"><span class=\"sub-title_line\"><\/span><\/div><\/div>\t\t<\/div>\n\t\t\t\t<\/div>\n\t\t\t\t<div class=\"elementor-element elementor-element-4a774a70 elementor-widget elementor-widget-text-editor\" data-id=\"4a774a70\" data-element_type=\"widget\" data-widget_type=\"text-editor.default\">\n\t\t\t\t<div class=\"elementor-widget-container\">\n\t\t\t        <div class=\"elementor-text-editor elementor-clearfix\"><p>Tous les moments pr\u00e9cieux qui ont de l&rsquo;importance \u00e0 vos yeux et dans vos c\u0153urs peuvent \u00eatre c\u00e9l\u00e9br\u00e9s gr\u00e2ce \u00e0 des rituels pour leur donner plus de profondeur et d&rsquo;ancrage dans vos vies. En les ritualisant et en les vivant en pleine conscience, vous vous faites un merveilleux cadeau pour vous reconnecter \u00e0 vous-m\u00eames et \u00e0 vos valeurs.<\/p><p>Vous retrouverez les diff\u00e9rentes propositions d\u00e9taill\u00e9es ci-dessous. Si l\u2019\u00e9v\u00e9nement auquel vous pensez n\u2019est pas repris, n\u2019h\u00e9sitez pas \u00e0 me contacter. Je me ferai un plaisir d\u2019imaginer avec vous la meilleure mani\u00e8re de c\u00e9l\u00e9brer votre moment pr\u00e9cieux.<\/p><\/div>\n        \t\t<\/div>\n\t\t\t\t<\/div>\n\t\t\t\t\t<\/div>\n\t\t<\/div>\n\t\t\t\t\t\t\t<\/div>\n\t\t<\/section>\n\t\t\t\t<section class=\"elementor-section elementor-top-section elementor-element elementor-element-37b08a0 elementor-section-stretched elementor-section-boxed elementor-section-height-default elementor-section-height-default\" data-id=\"37b08a0\" data-element_type=\"section\" data-settings=\"{&quot;stretch_section&quot;:&quot;section-stretched&quot;}\">\n\t\t\t\t\t\t<div class=\"elementor-container elementor-column-gap-no\">\n\t\t\t\t\t<div class=\"elementor-column elementor-col-33 elementor-top-column elementor-element elementor-element-ff22e19 animated-fast elementor-invisible\" data-id=\"ff22e19\" data-element_type=\"column\" data-settings=\"{&quot;animation&quot;:&quot;opal-move-up&quot;}\">\n\t\t\t<div class=\"elementor-widget-wrap elementor-element-populated\">\n\t\t\t\t\t\t\t\t<div class=\"elementor-element elementor-element-a1245ad elementor-cta--skin-cover elementor-cta--valign-middle call-to-action-wrapper-transform-none elementor-animated-content elementor-bg-transform elementor-bg-transform-zoom-in elementor-widget elementor-widget-call-to-action\" data-id=\"a1245ad\" data-element_type=\"widget\" data-widget_type=\"call-to-action.default\">\n\t\t\t\t<div class=\"elementor-widget-container\">\n\t\t\t        <a href=\"https:\/\/melisme.be\/index.php\/services\/amour\/\" class=\"elementor-cta\">\n                <div class=\"elementor-cta__bg-wrapper\">\n            <div class=\"elementor-cta__bg elementor-bg\" style=\"background-image: url(https:\/\/melisme.be\/wp-content\/uploads\/2022\/08\/BS5A4269-scaled.jpg);\"><\/div>\n            <div class=\"elementor-cta__bg-overlay\"><\/div>\n        <\/div>\n                    <div class=\"elementor-cta__content\">\n                                    <div class=\"elmentor-cta_content-inner\">\n                        \n                            <h2 class=\"elementor-cta__title elementor-cta__content-item elementor-content-item elementor-animated-item--grow\">\n                                    C\u00e9r\u00e9monies d'Amour                \n                <\/h2>\n            \n            \n                        <\/div>\n\n        <\/div>\n                    <\/a>\n        \t\t<\/div>\n\t\t\t\t<\/div>\n\t\t\t\t\t<\/div>\n\t\t<\/div>\n\t\t\t\t<div class=\"elementor-column elementor-col-33 elementor-top-column elementor-element elementor-element-bb5299c animated-fast elementor-invisible\" data-id=\"bb5299c\" data-element_type=\"column\" data-settings=\"{&quot;animation&quot;:&quot;opal-move-up&quot;,&quot;animation_delay&quot;:100}\">\n\t\t\t<div class=\"elementor-widget-wrap elementor-element-populated\">\n\t\t\t\t\t\t\t\t<div class=\"elementor-element elementor-element-43b7c6b elementor-cta--skin-cover elementor-cta--valign-middle call-to-action-wrapper-transform-none elementor-animated-content elementor-bg-transform elementor-bg-transform-zoom-in elementor-widget elementor-widget-call-to-action\" data-id=\"43b7c6b\" data-element_type=\"widget\" data-widget_type=\"call-to-action.default\">\n\t\t\t\t<div class=\"elementor-widget-container\">\n\t\t\t        <a href=\"https:\/\/melisme.be\/index.php\/prenatales\/\" class=\"elementor-cta\">\n                <div class=\"elementor-cta__bg-wrapper\">\n            <div class=\"elementor-cta__bg elementor-bg\" style=\"background-image: url(https:\/\/melisme.be\/wp-content\/uploads\/2022\/08\/IMG_6215-scaled.jpg);\"><\/div>\n            <div class=\"elementor-cta__bg-overlay\"><\/div>\n        <\/div>\n                    <div class=\"elementor-cta__content\">\n                                    <div class=\"elmentor-cta_content-inner\">\n                        \n                            <h2 class=\"elementor-cta__title elementor-cta__content-item elementor-content-item elementor-animated-item--grow\">\n                                    C\u00e9r\u00e9monies pr\u00e9natales                \n                <\/h2>\n            \n            \n                        <\/div>\n\n        <\/div>\n                    <\/a>\n        \t\t<\/div>\n\t\t\t\t<\/div>\n\t\t\t\t\t<\/div>\n\t\t<\/div>\n\t\t\t\t<div class=\"elementor-column elementor-col-33 elementor-top-column elementor-element elementor-element-fd76180 animated-fast elementor-invisible\" data-id=\"fd76180\" data-element_type=\"column\" data-settings=\"{&quot;animation&quot;:&quot;opal-move-up&quot;,&quot;animation_delay&quot;:200}\">\n\t\t\t<div class=\"elementor-widget-wrap elementor-element-populated\">\n\t\t\t\t\t\t\t\t<div class=\"elementor-element elementor-element-fd0f888 elementor-cta--skin-cover elementor-cta--valign-middle call-to-action-wrapper-transform-none elementor-animated-content elementor-bg-transform elementor-bg-transform-zoom-in elementor-widget elementor-widget-call-to-action\" data-id=\"fd0f888\" data-element_type=\"widget\" data-widget_type=\"call-to-action.default\">\n\t\t\t\t<div class=\"elementor-widget-container\">\n\t\t\t        <a href=\"https:\/\/melisme.be\/index.php\/services\/bienvenue\/\" class=\"elementor-cta\">\n                <div class=\"elementor-cta__bg-wrapper\">\n            <div class=\"elementor-cta__bg elementor-bg\" style=\"background-image: url();\"><\/div>\n            <div class=\"elementor-cta__bg-overlay\"><\/div>\n        <\/div>\n                    <div class=\"elementor-cta__content\">\n                                    <div class=\"elmentor-cta_content-inner\">\n                        \n                            <h2 class=\"elementor-cta__title elementor-cta__content-item elementor-content-item elementor-animated-item--grow\">\n                                    C\u00e9r\u00e9monies de bienvenue                \n                <\/h2>\n            \n            \n                        <\/div>\n\n        <\/div>\n                    <\/a>\n        \t\t<\/div>\n\t\t\t\t<\/div>\n\t\t\t\t\t<\/div>\n\t\t<\/div>\n\t\t\t\t\t\t\t<\/div>\n\t\t<\/section>\n\t\t\t\t<section class=\"elementor-section elementor-top-section elementor-element elementor-element-8454038 elementor-section-stretched elementor-section-boxed elementor-section-height-default elementor-section-height-default\" data-id=\"8454038\" data-element_type=\"section\" data-settings=\"{&quot;stretch_section&quot;:&quot;section-stretched&quot;}\">\n\t\t\t\t\t\t<div class=\"elementor-container elementor-column-gap-no\">\n\t\t\t\t\t<div class=\"elementor-column elementor-col-33 elementor-top-column elementor-element elementor-element-ec9b084 animated-fast elementor-invisible\" data-id=\"ec9b084\" data-element_type=\"column\" data-settings=\"{&quot;animation&quot;:&quot;opal-move-up&quot;}\">\n\t\t\t<div class=\"elementor-widget-wrap elementor-element-populated\">\n\t\t\t\t\t\t\t\t<div class=\"elementor-element elementor-element-6892ac1 elementor-cta--skin-cover elementor-cta--valign-middle call-to-action-wrapper-transform-none elementor-animated-content elementor-bg-transform elementor-bg-transform-zoom-in elementor-widget elementor-widget-call-to-action\" data-id=\"6892ac1\" data-element_type=\"widget\" data-widget_type=\"call-to-action.default\">\n\t\t\t\t<div class=\"elementor-widget-container\">\n\t\t\t        <a href=\"https:\/\/melisme.be\/index.php\/services\/anniversaire\/\" class=\"elementor-cta\">\n                <div class=\"elementor-cta__bg-wrapper\">\n            <div class=\"elementor-cta__bg elementor-bg\" style=\"background-image: url(https:\/\/melisme.be\/wp-content\/uploads\/2022\/09\/IMG_7035-scaled.jpg);\"><\/div>\n            <div class=\"elementor-cta__bg-overlay\"><\/div>\n        <\/div>\n                    <div class=\"elementor-cta__content\">\n                                    <div class=\"elmentor-cta_content-inner\">\n                        \n                            <h2 class=\"elementor-cta__title elementor-cta__content-item elementor-content-item elementor-animated-item--grow\">\n                                    Anniversaires & changement de vie                \n                <\/h2>\n            \n            \n                        <\/div>\n\n        <\/div>\n                    <\/a>\n        \t\t<\/div>\n\t\t\t\t<\/div>\n\t\t\t\t\t<\/div>\n\t\t<\/div>\n\t\t\t\t<div class=\"elementor-column elementor-col-33 elementor-top-column elementor-element elementor-element-93bc23c animated-fast elementor-invisible\" data-id=\"93bc23c\" data-element_type=\"column\" data-settings=\"{&quot;animation&quot;:&quot;opal-move-up&quot;,&quot;animation_delay&quot;:100}\">\n\t\t\t<div class=\"elementor-widget-wrap elementor-element-populated\">\n\t\t\t\t\t\t\t\t<div class=\"elementor-element elementor-element-a1b7f2b elementor-cta--skin-cover elementor-cta--valign-middle call-to-action-wrapper-transform-none elementor-animated-content elementor-bg-transform elementor-bg-transform-zoom-in elementor-widget elementor-widget-call-to-action\" data-id=\"a1b7f2b\" data-element_type=\"widget\" data-widget_type=\"call-to-action.default\">\n\t\t\t\t<div class=\"elementor-widget-container\">\n\t\t\t        <a href=\"https:\/\/melisme.be\/index.php\/services\/passage\/\" class=\"elementor-cta\">\n                <div class=\"elementor-cta__bg-wrapper\">\n            <div class=\"elementor-cta__bg elementor-bg\" style=\"background-image: url();\"><\/div>\n            <div class=\"elementor-cta__bg-overlay\"><\/div>\n        <\/div>\n                    <div class=\"elementor-cta__content\">\n                                    <div class=\"elmentor-cta_content-inner\">\n                        \n                            <h2 class=\"elementor-cta__title elementor-cta__content-item elementor-content-item elementor-animated-item--grow\">\n                                    C\u00e9r\u00e9monies de passage                \n                <\/h2>\n            \n            \n                        <\/div>\n\n        <\/div>\n                    <\/a>\n        \t\t<\/div>\n\t\t\t\t<\/div>\n\t\t\t\t\t<\/div>\n\t\t<\/div>\n\t\t\t\t<div class=\"elementor-column elementor-col-33 elementor-top-column elementor-element elementor-element-455568e animated-fast elementor-invisible\" data-id=\"455568e\" data-element_type=\"column\" data-settings=\"{&quot;animation&quot;:&quot;opal-move-up&quot;,&quot;animation_delay&quot;:200}\">\n\t\t\t<div class=\"elementor-widget-wrap elementor-element-populated\">\n\t\t\t\t\t\t\t\t<div class=\"elementor-element elementor-element-31736ba elementor-cta--skin-cover elementor-cta--valign-middle call-to-action-wrapper-transform-none elementor-animated-content elementor-bg-transform elementor-bg-transform-zoom-in elementor-widget elementor-widget-call-to-action\" data-id=\"31736ba\" data-element_type=\"widget\" data-widget_type=\"call-to-action.default\">\n\t\t\t\t<div class=\"elementor-widget-container\">\n\t\t\t        <a href=\"https:\/\/melisme.be\/index.php\/services\/cercles\/\" class=\"elementor-cta\">\n                <div class=\"elementor-cta__bg-wrapper\">\n            <div class=\"elementor-cta__bg elementor-bg\" style=\"background-image: url(https:\/\/melisme.be\/wp-content\/uploads\/2022\/09\/BS5A5237-scaled.jpg);\"><\/div>\n            <div class=\"elementor-cta__bg-overlay\"><\/div>\n        <\/div>\n                    <div class=\"elementor-cta__content\">\n                                    <div class=\"elmentor-cta_content-inner\">\n                        \n                            <h2 class=\"elementor-cta__title elementor-cta__content-item elementor-content-item elementor-animated-item--grow\">\n                                    Cercles de femmes                \n                <\/h2>\n            \n            \n                        <\/div>\n\n        <\/div>\n                    <\/a>\n        \t\t<\/div>\n\t\t\t\t<\/div>\n\t\t\t\t\t<\/div>\n\t\t<\/div>\n\t\t\t\t\t\t\t<\/div>\n\t\t<\/section>\n\t\t\t\t\t\t\t<\/div>\n\t\t","protected":false},"excerpt":{"rendered":"<p>Des moments pr\u00e9cieux \u00e0 c\u00e9l\u00e9brer Tous les moments pr\u00e9cieux qui ont de l&rsquo;importance \u00e0 vos yeux et dans vos c\u0153urs peuvent \u00eatre c\u00e9l\u00e9br\u00e9s gr\u00e2ce \u00e0 des rituels pour leur donner plus de profondeur et d&rsquo;ancrage dans vos vies. En les ritualisant et en les vivant en pleine conscience, vous vous faites un merveilleux cadeau pour &hellip; <\/p>\n<p class=\"link-more\"><a href=\"https:\/\/melisme.be\/index.php\/services\/\" class=\"more-link\">Read More <span class=\"screen-reader-text\"> \u00ab\u00a0Services\u00a0\u00bb<\/span><\/a><\/p>\n","protected":false},"author":1,"featured_media":0,"parent":0,"menu_order":0,"comment_status":"closed","ping_status":"closed","template":"page-elementor.php","meta":{"inline_featured_image":false,"_monsterinsights_skip_tracking":false,"_monsterinsights_sitenote_active":false,"_monsterinsights_sitenote_note":"","_monsterinsights_sitenote_category":0,"footnotes":""},"class_list":["post-792","page","type-page","status-publish","hentry"],"aioseo_notices":[],"_links":{"self":[{"href":"https:\/\/melisme.be\/index.php\/wp-json\/wp\/v2\/pages\/792","targetHints":{"allow":["GET"]}}],"collection":[{"href":"https:\/\/melisme.be\/index.php\/wp-json\/wp\/v2\/pages"}],"about":[{"href":"https:\/\/melisme.be\/index.php\/wp-json\/wp\/v2\/types\/page"}],"author":[{"embeddable":true,"href":"https:\/\/melisme.be\/index.php\/wp-json\/wp\/v2\/users\/1"}],"replies":[{"embeddable":true,"href":"https:\/\/melisme.be\/index.php\/wp-json\/wp\/v2\/comments?post=792"}],"version-history":[{"count":28,"href":"https:\/\/melisme.be\/index.php\/wp-json\/wp\/v2\/pages\/792\/revisions"}],"predecessor-version":[{"id":3715,"href":"https:\/\/melisme.be\/index.php\/wp-json\/wp\/v2\/pages\/792\/revisions\/3715"}],"wp:attachment":[{"href":"https:\/\/melisme.be\/index.php\/wp-json\/wp\/v2\/media?parent=792"}],"curies":[{"name":"wp","href":"https:\/\/api.w.org\/{rel}","templated":true}]}}